{"id":2583,"date":"2024-06-08T16:15:14","date_gmt":"2024-06-08T14:15:14","guid":{"rendered":"https:\/\/ndm.hr\/?page_id=2583"},"modified":"2024-06-08T16:16:44","modified_gmt":"2024-06-08T14:16:44","slug":"odredbe-i-uvjeti","status":"publish","type":"page","link":"https:\/\/ndm.hr\/sl\/pogoji\/","title":{"rendered":"Pogoji"},"content":{"rendered":"<p>Dobrodo\u0161li v N&amp;D Management!<\/p>\n\n\n\n<p>Ti pogoji opisujejo pravila in predpise za uporabo spletnega mesta NIKO &amp; DUJE MANAGEMENT jd, ki se nahaja na naslovu https:\/\/ndm.hr\/.<\/p>\n\n\n\n<p>Z dostopom do te spletne strani predvidevamo, da sprejemate te pogoje in dolo\u010dila. Prosimo, ne nadaljujte z uporabo N&amp;D Management, \u010de ne sprejmete vseh pogojev in dolo\u010dil, navedenih na tej strani.<\/p>\n\n\n\n<p>Naslednja terminologija velja za te pogoje in dolo\u010dila, izjavo o zasebnosti in obvestilo o zavrnitvi odgovornosti ter vse pogodbe: \u00bbStranka\u00ab, \u00bbvi\u00ab in \u00bbva\u0161\u00ab se nana\u0161ajo na vas, osebo, ki se prijavlja na to spletno mesto in v skladu z dolo\u010dili in pogoji podjetje. &quot;Podjetje&quot;, &quot;mi&quot;, &quot;nas&quot;, &quot;na\u0161e&quot; in &quot;nas&quot;, se nana\u0161a na na\u0161e podjetje. &quot;Stranka&quot;, &quot;Stranki&quot; ali &quot;Mi&quot; se nana\u0161a tako na naro\u010dnika kot na nas. Vsi pogoji se nana\u0161ajo na ponudbo, sprejem in upo\u0161tevanje pla\u010dila, ki je potrebno za izvedbo procesa na\u0161e pomo\u010di naro\u010dniku na najprimernej\u0161i na\u010din za izrecni namen zadovoljevanja potreb naro\u010dnika glede zagotavljanja zgoraj navedenih storitev dru\u017ebe, v skladu z z veljavno zakonodajo \u010ce\u0161ke republike. Vsaka uporaba zgornje terminologije ali drugih besed v ednini, mno\u017eini, velikih za\u010detnicah in\/ali on\/ona ali oni velja za zamenljivo in se zato nana\u0161a na isto.<\/p>\n\n\n\n<h3 class=\"wp-block-heading\"><strong>pi\u0161kotki<\/strong><\/h3>\n\n\n\n<p>Uporabljamo uporabo pi\u0161kotkov. Z dostopom do N&amp;D Management se strinjate z uporabo pi\u0161kotkov v skladu z NIKO &amp; Politika zasebnosti DUJE MANAGEMENT jd.<\/p>\n\n\n\n<p>Ve\u010dina interaktivnih spletnih mest uporablja pi\u0161kotke, da nam omogo\u010dijo pridobitev uporabni\u0161kih podatkov za vsak obisk. Na\u0161e spletno mesto uporablja pi\u0161kotke za omogo\u010danje funkcionalnosti dolo\u010denih podro\u010dij, da bi ljudem olaj\u0161ali obisk na\u0161ega spletnega mesta. Nekateri na\u0161i pridru\u017eeni\/ogla\u0161evalski partnerji morda uporabljajo tudi pi\u0161kotke.<\/p>\n\n\n\n<h3 class=\"wp-block-heading\"><strong>Licenca<\/strong><\/h3>\n\n\n\n<p>\u010ce ni navedeno druga\u010de, imajo NIKO &amp; DUJE MANAGEMENT jd in\/ali njegovi dajalci licence pravice intelektualne lastnine za vse gradivo o N&amp;D Management. Vse pravice intelektualne lastnine so pridr\u017eane. Do tega lahko dostopate s strani N&amp;D Management za va\u0161o osebno uporabo v skladu z omejitvami, dolo\u010denimi v teh pogojih in dolo\u010dilih.<\/p>\n\n\n\n<p>Ne sme\u0161:<\/p>\n\n\n\n<ul class=\"wp-block-list\">\n<li>Ponovno objavi gradivo N&amp;D Management<\/li>\n\n\n\n<li>Prodajajte, dajajte v najem ali podlicencirate gradivo od N&amp;D Management<\/li>\n\n\n\n<li>Razmno\u017eite, podvojite ali kopirajte gradivo N&amp;D Management<\/li>\n\n\n\n<li>Prerazporedite vsebino iz N&amp;D Management<\/li>\n<\/ul>\n\n\n\n<p>Ta sporazum za\u010dne veljati na ta datum. <\/p>\n\n\n\n<p>Deli tega spletnega mesta uporabnikom ponujajo mo\u017enost objavljanja in izmenjave mnenj in informacij na dolo\u010denih podro\u010djih spletnega mesta. NIKO &amp; DUJE MANAGEMENT jd ne filtrira, ureja, objavlja ali pregleduje komentarjev pred njihovo prisotnostjo na spletnem mestu. Komentarji ne odra\u017eajo stali\u0161\u010d in mnenj NIKO &amp; DUJE MANAGEMENT jd, njegovih zastopnikov in\/ali povezanih dru\u017eb. Komentarji odra\u017eajo stali\u0161\u010da in mnenja osebe, ki objavlja svoje poglede in mnenja. V obsegu, ki ga dovoljuje veljavna zakonodaja, NIKO &amp; DUJE MANAGEMENT jd ni odgovoren za komentarje ali za kakr\u0161no koli odgovornost, \u0161kodo ali stro\u0161ke, ki nastanejo in\/ali nastanejo kot posledica uporabe in\/ali objave in\/ali pojava komentarjev na tem Spletna stran.<\/p>\n\n\n\n<p>NIKO &amp; DUJE MANAGEMENT jd si pridr\u017euje pravico, da spremlja vse komentarje in odstrani vse komentarje, ki se lahko \u0161tejejo za neprimerne, \u017ealjive ali povzro\u010dajo kr\u0161itev teh pogojev.<\/p>\n\n\n\n<p>Jam\u010dite in izjavljate, da:<\/p>\n\n\n\n<ul class=\"wp-block-list\">\n<li>Imate pravico objavljati komentarje na na\u0161i spletni strani in imate za to vse potrebne licence in soglasja;<\/li>\n\n\n\n<li>Komentarji ne kr\u0161ijo nobene pravice intelektualne lastnine, vklju\u010dno z avtorskimi pravicami, patentom ali blagovno znamko katere koli tretje osebe, vendar ne omejeno nanje;<\/li>\n\n\n\n<li>Komentarji ne vsebujejo klevetni\u0161kega, obrekljivega, \u017ealjivega, obscenega ali kako druga\u010de nezakonitega gradiva, ki bi predstavljalo vdor v zasebnost<\/li>\n\n\n\n<li>Komentarji ne bodo uporabljeni za spodbujanje ali promocijo poslovanja ali praks ali predstavljanje komercialnih dejavnosti ali nezakonitih dejavnosti.<\/li>\n<\/ul>\n\n\n\n<p>Podjetju NIKO &amp; DUJE MANAGEMENT jd podeljujete neizklju\u010dno licenco za uporabo, reprodukcijo, urejanje in poobla\u0161\u010danje drugih za uporabo, reprodukcijo in urejanje katerega koli od va\u0161ih komentarjev v vseh in vseh oblikah, formatih ali medijih.<\/p>\n\n\n\n<h3 class=\"wp-block-heading\"><strong>Hiperpovezava do na\u0161e vsebine<\/strong><\/h3>\n\n\n\n<p>Naslednje organizacije se lahko pove\u017eejo z na\u0161im spletnim mestom brez predhodne pisne odobritve:<\/p>\n\n\n\n<ul class=\"wp-block-list\">\n<li>Vladne agencije;<\/li>\n\n\n\n<li>Iskalniki;<\/li>\n\n\n\n<li>Novinarske organizacije;<\/li>\n\n\n\n<li>Distributerji internetnih imenikov se lahko povezujejo na na\u0161e spletno mesto na enak na\u010din kot na spletna mesta drugih dru\u017eb, ki kotirajo na borzi; in<\/li>\n\n\n\n<li>Akreditirana podjetja v celotnem sistemu, razen zbirateljskih neprofitnih organizacij, dobrodelnih trgovskih centrov in dobrodelnih skupin za zbiranje sredstev, ki morda nimajo hiperpovezave do na\u0161ega spletnega mesta.<\/li>\n<\/ul>\n\n\n\n<p>Te organizacije se lahko pove\u017eejo z na\u0161o doma\u010do stranjo, publikacijami ali drugimi informacijami na spletnem mestu, \u010de povezava: (a) na noben na\u010din ni zavajajo\u010da; (b) ne nakazuje la\u017enega sponzorstva, zaznamka ali odobritve povezave in njenih izdelkov in\/ali storitev; in (c) ustreza kontekstu povezane strani.<\/p>\n\n\n\n<p>Morda bomo upo\u0161tevali in odobrili druge zahteve za povezovanje naslednjih vrst organizacij:<\/p>\n\n\n\n<ul class=\"wp-block-list\">\n<li>splo\u0161no znani potro\u0161ni\u0161ki in\/ali poslovni viri informacij;<\/li>\n\n\n\n<li>spletna mesta skupnosti dot.com;<\/li>\n\n\n\n<li>zdru\u017eenja ali druge skupine, ki predstavljajo dobrodelne organizacije;<\/li>\n\n\n\n<li>distributerji spletnih imenikov;<\/li>\n\n\n\n<li>internetni portali;<\/li>\n\n\n\n<li>ra\u010dunovodske, pravne in svetovalne dru\u017ebe; in<\/li>\n\n\n\n<li>izobra\u017eevalne ustanove in trgovska zdru\u017eenja.<\/li>\n<\/ul>\n\n\n\n<p>Od teh organizacij bomo odobrili zahteve za povezovanje, \u010de bomo ugotovili, da: (a) povezava ne bo povzro\u010dila neugodnega videza nas ali na\u0161ih poobla\u0161\u010denih podjetij; (b) organizacija nima nobenih negativnih evidenc pri nas; (c) korist, ki jo imamo zaradi vidnosti hiperpovezave, nadomesti odsotnost NIKO &amp; DUJE MANAGEMENT jd; in (d) je povezava v kontekstu splo\u0161nih informacij o viru.<\/p>\n\n\n\n<p>Te organizacije se lahko pove\u017eejo z na\u0161o doma\u010do stranjo, \u010de povezava: (a) na noben na\u010din ni zavajajo\u010da; (b) ne nakazuje la\u017enega sponzorstva, zaznamka ali odobritve povezave in njenih izdelkov ali storitev; in (c) ustreza kontekstu povezane strani.<\/p>\n\n\n\n<p>\u010ce ste ena od organizacij, na\u0161tetih v odstavku 2 zgoraj, in vas zanima povezava z na\u0161im spletnim mestom, nas morate o tem obvestiti tako, da po\u0161ljete e-po\u0161to na naslov NIKO &amp; DUJE MANAGEMENT jd Vklju\u010dite svoje ime, ime va\u0161e organizacije, kontaktne podatke in spletno mesto URL , seznam vseh URL-jev, s katerih se nameravate povezati na na\u0161o spletno stran, in seznam URL-jev na na\u0161i spletni strani, na katere bi \u017eelela vzpostaviti povezavo. Po\u010dakajte 2-3 tedne za odgovor.<\/p>\n\n\n\n<p>Odobrene organizacije lahko hiperpovezave do na\u0161e spletne strani na naslednji na\u010din:<\/p>\n\n\n\n<ul class=\"wp-block-list\">\n<li>Z uporabo imena na\u0161ega podjetja; oz<\/li>\n\n\n\n<li>Z uporabo edinstvenega lokatorja virov, s katerim je povezan; oz<\/li>\n\n\n\n<li>Z uporabo katerega koli drugega opisa na\u0161ega povezanega spletnega mesta, ki je smiseln v kontekstu in obliki vsebine na povezovalnem spletnem mestu.<\/li>\n<\/ul>\n\n\n\n<p>Nobena uporaba logotipa NIKO &amp; DUJE MANAGEMENT jd ali drugih umetni\u0161kih del ne bo dovoljena za povezovanje brez licen\u010dne pogodbe o blagovni znamki.<\/p>\n\n\n\n<h3 class=\"wp-block-heading\"><strong>iFrame<\/strong><\/h3>\n\n\n\n<p>Brez predhodne odobritve in pisnega dovoljenja okoli na\u0161ih spletnih strani ne smete ustvarjati okvirjev, ki kakor koli spreminjajo vizualno predstavitev ali videz na\u0161ih spletnih strani.<\/p>\n\n\n\n<h3 class=\"wp-block-heading\"><strong>Odgovornost za vsebino<\/strong><\/h3>\n\n\n\n<p>Ne bomo odgovorni za vsebino, ki se pojavi na va\u0161i spletni strani. Strinjate se, da nas boste nadomestili in branili pred kakr\u0161nimi koli zahtevki, ki se pojavijo na va\u0161i spletni strani. Na nobenem spletnem mestu se ne sme pojaviti nobena(-e) povezava(-e), ki bi se lahko razlagala kot obrekljiva, nespodobna ali kazniva ali ki kr\u0161i, kako druga\u010de kr\u0161i ali zagovarja kr\u0161itev ali drugo kr\u0161itev pravic tretjih oseb.<\/p>\n\n\n\n<h3 class=\"wp-block-heading\"><strong>Pridr\u017eek pravic<\/strong><\/h3>\n\n\n\n<p>Pridr\u017eujemo si pravico zahtevati, da odstranite vse ali katere koli dolo\u010dene povezave do na\u0161e spletne strani. Strinjate se, da na zahtevo takoj odstranimo vse povezave do na\u0161e spletne strani. Prav tako si pridr\u017eujemo pravico do spremembe teh pogojev kadarkoli. \u010ce se \u0161e naprej povezujete z na\u0161im spletnim mestom, sprejemate in upo\u0161tevate te pogoje in dolo\u010dila povezovanja.<\/p>\n\n\n\n<h3 class=\"wp-block-heading\"><strong>Odstranitev povezav z na\u0161e spletne strani<\/strong><\/h3>\n\n\n\n<p>\u010ce iz kakr\u0161nega koli razloga ugotovite, da je katera koli povezava na na\u0161i spletni strani \u017ealjiva, nas lahko kontaktirate in nam to kadar koli sporo\u010dite. Upo\u0161tevali bomo zahteve za odstranitev povezav, vendar vam nismo dol\u017eni odgovoriti neposredno.<\/p>\n\n\n\n<p>Ne jam\u010dimo, da so podatki na tej spletni strani pravilni, ne jam\u010dimo za njihovo popolnost ali to\u010dnost; prav tako ne obljubljamo, da bomo zagotovili, da bo spletno mesto ostalo na voljo ali da bo gradivo na spletnem mestu posodobljeno.<\/p>\n\n\n\n<h3 class=\"wp-block-heading\"><strong>Odpoved<\/strong><\/h3>\n\n\n\n<p>V najve\u010dji mo\u017eni meri, ki jo dovoljuje veljavna zakonodaja, izklju\u010dujemo vsa zagotovila, jamstva in pogoje v zvezi z na\u0161o spletno stranjo in uporabo te spletne strani. Ni\u010d v tej izjavi o omejitvi odgovornosti ne sme:<\/p>\n\n\n\n<ul class=\"wp-block-list\">\n<li>omejiti ali izklju\u010diti na\u0161o ali va\u0161o odgovornost za smrt ali telesne po\u0161kodbe;<\/li>\n\n\n\n<li>omejiti ali izklju\u010diti na\u0161o ali va\u0161o odgovornost za goljufijo ali la\u017eno predstavljanje;<\/li>\n\n\n\n<li>omejimo katero koli na\u0161o ali va\u0161o odgovornost na kakr\u0161en koli na\u010din, ki ni dovoljen z veljavno zakonodajo; oz<\/li>\n\n\n\n<li>izklju\u010dimo kakr\u0161no koli na\u0161o ali va\u0161o odgovornost, ki je ni mogo\u010de izklju\u010diti v skladu z veljavno zakonodajo.<\/li>\n<\/ul>\n\n\n\n<p>Omejitve in izklju\u010ditve odgovornosti, dolo\u010dene v tem razdelku in drugje v tej izjavi o omejitvi odgovornosti: (a) so predmet prej\u0161njega odstavka; in (b) ureja vse obveznosti, ki izhajajo iz izjave o omejitvi odgovornosti, vklju\u010dno z obveznostmi, ki izhajajo iz pogodbe, od\u0161kodninske odgovornosti in kr\u0161itve zakonske dol\u017enosti.<\/p>\n\n\n\n<p>Dokler so spletno mesto ter informacije in storitve na spletnem mestu na voljo brezpla\u010dno, ne bomo odgovorni za kakr\u0161no koli izgubo ali \u0161kodo kakr\u0161ne koli narave.<\/p>","protected":false},"excerpt":{"rendered":"<p>Dobrodo\u0161li u N&amp;D Management! Ovi uvjeti i odredbe opisuju pravila i propise za kori\u0161tenje NIKO &amp; Web stranici DUJE MANAGEMENT [&hellip;]<\/p>\n","protected":false},"author":1,"featured_media":0,"parent":0,"menu_order":0,"comment_status":"closed","ping_status":"closed","template":"","meta":{"site-sidebar-layout":"no-sidebar","site-content-layout":"","ast-site-content-layout":"normal-width-container","site-content-style":"default","site-sidebar-style":"default","ast-global-header-display":"","ast-banner-title-visibility":"","ast-main-header-display":"","ast-hfb-above-header-display":"","ast-hfb-below-header-display":"","ast-hfb-mobile-header-display":"","site-post-title":"","ast-breadcrumbs-content":"","ast-featured-img":"","footer-sml-layout":"","ast-disable-related-posts":"","theme-transparent-header-meta":"","adv-header-id-meta":"","stick-header-meta":"","header-above-stick-meta":"","header-main-stick-meta":"","header-below-stick-meta":"","astra-migrate-meta-layouts":"default","ast-page-background-enabled":"default","ast-page-background-meta":{"desktop":{"background-color":"var(--ast-global-color-4)","background-image":"","background-repeat":"repeat","background-position":"center center","background-size":"auto","background-attachment":"scroll","background-type":"","background-media":"","overlay-type":"","overlay-color":"","overlay-opacity":"","overlay-gradient":""},"tablet":{"background-color":"","background-image":"","background-repeat":"repeat","background-position":"center center","background-size":"auto","background-attachment":"scroll","background-type":"","background-media":"","overlay-type":"","overlay-color":"","overlay-opacity":"","overlay-gradient":""},"mobile":{"background-color":"","background-image":"","background-repeat":"repeat","background-position":"center center","background-size":"auto","background-attachment":"scroll","background-type":"","background-media":"","overlay-type":"","overlay-color":"","overlay-opacity":"","overlay-gradient":""}},"ast-content-background-meta":{"desktop":{"background-color":"var(--ast-global-color-5)","background-image":"","background-repeat":"repeat","background-position":"center center","background-size":"auto","background-attachment":"scroll","background-type":"","background-media":"","overlay-type":"","overlay-color":"","overlay-opacity":"","overlay-gradient":""},"tablet":{"background-color":"var(--ast-global-color-5)","background-image":"","background-repeat":"repeat","background-position":"center center","background-size":"auto","background-attachment":"scroll","background-type":"","background-media":"","overlay-type":"","overlay-color":"","overlay-opacity":"","overlay-gradient":""},"mobile":{"background-color":"var(--ast-global-color-5)","background-image":"","background-repeat":"repeat","background-position":"center center","background-size":"auto","background-attachment":"scroll","background-type":"","background-media":"","overlay-type":"","overlay-color":"","overlay-opacity":"","overlay-gradient":""}},"footnotes":""},"class_list":["post-2583","page","type-page","status-publish","hentry"],"yoast_head":"<!-- This site is optimized with the Yoast SEO plugin v27.4 - https:\/\/yoast.com\/product\/yoast-seo-wordpress\/ -->\n<title>Odredbe i uvjeti - ND Managment<\/title>\n<meta name=\"robots\" content=\"noindex, follow\" \/>\n<meta property=\"og:locale\" content=\"sl_SI\" \/>\n<meta property=\"og:type\" content=\"article\" \/>\n<meta property=\"og:title\" content=\"Odredbe i uvjeti - ND Managment\" \/>\n<meta property=\"og:description\" content=\"Dobrodo\u0161li u N&amp;D Management! Ovi uvjeti i odredbe opisuju pravila i propise za kori\u0161tenje NIKO &amp; Web stranici DUJE MANAGEMENT [&hellip;]\" \/>\n<meta property=\"og:url\" content=\"https:\/\/ndm.hr\/sl\/pogoji\/\" \/>\n<meta property=\"og:site_name\" content=\"ND Managment\" \/>\n<meta property=\"article:modified_time\" content=\"2024-06-08T14:16:44+00:00\" \/>\n<meta name=\"twitter:card\" content=\"summary_large_image\" \/>\n<meta name=\"twitter:label1\" content=\"Est. reading time\" \/>\n\t<meta name=\"twitter:data1\" content=\"8 minut\" \/>\n<script type=\"application\/ld+json\" class=\"yoast-schema-graph\">{\"@context\":\"https:\\\/\\\/schema.org\",\"@graph\":[{\"@type\":\"WebPage\",\"@id\":\"https:\\\/\\\/ndm.hr\\\/odredbe-i-uvjeti\\\/\",\"url\":\"https:\\\/\\\/ndm.hr\\\/odredbe-i-uvjeti\\\/\",\"name\":\"Odredbe i uvjeti - ND Managment\",\"isPartOf\":{\"@id\":\"https:\\\/\\\/ndm.hr\\\/#website\"},\"datePublished\":\"2024-06-08T14:15:14+00:00\",\"dateModified\":\"2024-06-08T14:16:44+00:00\",\"breadcrumb\":{\"@id\":\"https:\\\/\\\/ndm.hr\\\/odredbe-i-uvjeti\\\/#breadcrumb\"},\"inLanguage\":\"sl-SI\",\"potentialAction\":[{\"@type\":\"ReadAction\",\"target\":[\"https:\\\/\\\/ndm.hr\\\/odredbe-i-uvjeti\\\/\"]}]},{\"@type\":\"BreadcrumbList\",\"@id\":\"https:\\\/\\\/ndm.hr\\\/odredbe-i-uvjeti\\\/#breadcrumb\",\"itemListElement\":[{\"@type\":\"ListItem\",\"position\":1,\"name\":\"Home\",\"item\":\"https:\\\/\\\/ndm.hr\\\/\"},{\"@type\":\"ListItem\",\"position\":2,\"name\":\"Odredbe i uvjeti\"}]},{\"@type\":\"WebSite\",\"@id\":\"https:\\\/\\\/ndm.hr\\\/#website\",\"url\":\"https:\\\/\\\/ndm.hr\\\/\",\"name\":\"ND Managment\",\"description\":\"Brza opskrba za va\u0161e brodove\",\"potentialAction\":[{\"@type\":\"SearchAction\",\"target\":{\"@type\":\"EntryPoint\",\"urlTemplate\":\"https:\\\/\\\/ndm.hr\\\/?s={search_term_string}\"},\"query-input\":{\"@type\":\"PropertyValueSpecification\",\"valueRequired\":true,\"valueName\":\"search_term_string\"}}],\"inLanguage\":\"sl-SI\"}]}<\/script>\n<!-- \/ Yoast SEO plugin. -->","yoast_head_json":{"title":"Pogoji - ND Management","robots":{"index":"noindex","follow":"follow"},"og_locale":"sl_SI","og_type":"article","og_title":"Odredbe i uvjeti - ND Managment","og_description":"Dobrodo\u0161li u N&amp;D Management! Ovi uvjeti i odredbe opisuju pravila i propise za kori\u0161tenje NIKO &amp; Web stranici DUJE MANAGEMENT [&hellip;]","og_url":"https:\/\/ndm.hr\/sl\/pogoji\/","og_site_name":"ND Managment","article_modified_time":"2024-06-08T14:16:44+00:00","twitter_card":"summary_large_image","twitter_misc":{"Est. reading time":"8 minut"},"schema":{"@context":"https:\/\/schema.org","@graph":[{"@type":"WebPage","@id":"https:\/\/ndm.hr\/odredbe-i-uvjeti\/","url":"https:\/\/ndm.hr\/odredbe-i-uvjeti\/","name":"Pogoji - ND Management","isPartOf":{"@id":"https:\/\/ndm.hr\/#website"},"datePublished":"2024-06-08T14:15:14+00:00","dateModified":"2024-06-08T14:16:44+00:00","breadcrumb":{"@id":"https:\/\/ndm.hr\/odredbe-i-uvjeti\/#breadcrumb"},"inLanguage":"sl-SI","potentialAction":[{"@type":"ReadAction","target":["https:\/\/ndm.hr\/odredbe-i-uvjeti\/"]}]},{"@type":"BreadcrumbList","@id":"https:\/\/ndm.hr\/odredbe-i-uvjeti\/#breadcrumb","itemListElement":[{"@type":"ListItem","position":1,"name":"Home","item":"https:\/\/ndm.hr\/"},{"@type":"ListItem","position":2,"name":"Odredbe i uvjeti"}]},{"@type":"WebSite","@id":"https:\/\/ndm.hr\/#website","url":"https:\/\/ndm.hr\/","name":"ND Management","description":"Hitra dobava za va\u0161e ladje","potentialAction":[{"@type":"SearchAction","target":{"@type":"EntryPoint","urlTemplate":"https:\/\/ndm.hr\/?s={search_term_string}"},"query-input":{"@type":"PropertyValueSpecification","valueRequired":true,"valueName":"search_term_string"}}],"inLanguage":"sl-SI"}]}},"_links":{"self":[{"href":"https:\/\/ndm.hr\/sl\/wp-json\/wp\/v2\/pages\/2583","targetHints":{"allow":["GET"]}}],"collection":[{"href":"https:\/\/ndm.hr\/sl\/wp-json\/wp\/v2\/pages"}],"about":[{"href":"https:\/\/ndm.hr\/sl\/wp-json\/wp\/v2\/types\/page"}],"author":[{"embeddable":true,"href":"https:\/\/ndm.hr\/sl\/wp-json\/wp\/v2\/users\/1"}],"replies":[{"embeddable":true,"href":"https:\/\/ndm.hr\/sl\/wp-json\/wp\/v2\/comments?post=2583"}],"version-history":[{"count":2,"href":"https:\/\/ndm.hr\/sl\/wp-json\/wp\/v2\/pages\/2583\/revisions"}],"predecessor-version":[{"id":2586,"href":"https:\/\/ndm.hr\/sl\/wp-json\/wp\/v2\/pages\/2583\/revisions\/2586"}],"wp:attachment":[{"href":"https:\/\/ndm.hr\/sl\/wp-json\/wp\/v2\/media?parent=2583"}],"curies":[{"name":"wp","href":"https:\/\/api.w.org\/{rel}","templated":true}]}}