{"id":2591,"date":"2024-06-08T16:22:00","date_gmt":"2024-06-08T14:22:00","guid":{"rendered":"https:\/\/ndm.hr\/?page_id=2591"},"modified":"2024-06-08T16:22:58","modified_gmt":"2024-06-08T14:22:58","slug":"poslovni-podaci","status":"publish","type":"page","link":"https:\/\/ndm.hr\/sk\/obchodne-udaje\/","title":{"rendered":"Obchodn\u00e9 \u00fadaje"},"content":{"rendered":"<h2 class=\"wp-block-heading\">Pr\u00edslu\u0161n\u00fd s\u00fad<\/h2>\n\n\n\n<figure class=\"wp-block-table\"><table><tbody><tr><td>Obchodn\u00fd s\u00fad v Zadare<\/td><\/tr><\/tbody><\/table><\/figure>\n\n\n\n<h2 class=\"wp-block-heading\">MBS<\/h2>\n\n\n\n<figure class=\"wp-block-table\"><table><tbody><tr><td>110059637<\/td><\/tr><\/tbody><\/table><\/figure>\n\n\n\n<h2 class=\"wp-block-heading\">OIB<\/h2>\n\n\n\n<figure class=\"wp-block-table\"><table><tbody><tr><td>68681528407<\/td><\/tr><\/tbody><\/table><\/figure>\n\n\n\n<h2 class=\"wp-block-heading\">EUID<\/h2>\n\n\n\n<figure class=\"wp-block-table\"><table><tbody><tr><td>HRSR.110059637<\/td><\/tr><\/tbody><\/table><\/figure>\n\n\n\n<h2 class=\"wp-block-heading\">Postavenie<\/h2>\n\n\n\n<figure class=\"wp-block-table\"><table><tbody><tr><td>Bez postupu<\/td><\/tr><\/tbody><\/table><\/figure>\n\n\n\n<h2 class=\"wp-block-heading\">Spolo\u010dnos\u0165<\/h2>\n\n\n\n<figure class=\"wp-block-table\"><table><tbody><tr><td>NIKO &amp; DUJE MANAGEMENT jdoo pre \u010dinnos\u0165 stavebn\u00fdch v\u00fdkopov, v\u00fdstavby a slu\u017eieb<\/td><\/tr><\/tbody><\/table><\/figure>\n\n\n\n<figure class=\"wp-block-table\"><table><tbody><tr><td>NIKO &amp; DUJE MANAGEMENT jdoo<\/td><\/tr><\/tbody><\/table><\/figure>\n\n\n\n<h2 class=\"wp-block-heading\">S\u00eddlo\/adresa<\/h2>\n\n\n\n<figure class=\"wp-block-table\"><table><tbody><tr><td>Zadar (mesto Zadar)<br>Benkova\u010dka cesta 49<\/td><\/tr><\/tbody><\/table><\/figure>\n\n\n\n<h2 class=\"wp-block-heading\">Emailov\u00e1 adresa<\/h2>\n\n\n\n<figure class=\"wp-block-table\"><table><tbody><tr><td>davor.lubar.zd@gmail.com<\/td><\/tr><\/tbody><\/table><\/figure>\n\n\n\n<h2 class=\"wp-block-heading\">z\u00e1kladn\u00e9 imanie<\/h2>\n\n\n\n<figure class=\"wp-block-table\"><table><tbody><tr><td>1,00 euro<\/td><\/tr><\/tbody><\/table><\/figure>","protected":false},"excerpt":{"rendered":"<p>Nadle\u017eni sud Trgova\u010dki sud u Zadru MBS 110059637 OIB 68681528407 EUID HRSR.110059637 Status Bez postupka Tvrtka NIKO &amp; DUJE MANAGEMENT [&hellip;]<\/p>\n","protected":false},"author":1,"featured_media":0,"parent":0,"menu_order":0,"comment_status":"closed","ping_status":"closed","template":"","meta":{"site-sidebar-layout":"default","site-content-layout":"","ast-site-content-layout":"normal-width-container","site-content-style":"default","site-sidebar-style":"default","ast-global-header-display":"","ast-banner-title-visibility":"","ast-main-header-display":"","ast-hfb-above-header-display":"","ast-hfb-below-header-display":"","ast-hfb-mobile-header-display":"","site-post-title":"","ast-breadcrumbs-content":"","ast-featured-img":"","footer-sml-layout":"","ast-disable-related-posts":"","theme-transparent-header-meta":"","adv-header-id-meta":"","stick-header-meta":"","header-above-stick-meta":"","header-main-stick-meta":"","header-below-stick-meta":"","astra-migrate-meta-layouts":"default","ast-page-background-enabled":"default","ast-page-background-meta":{"desktop":{"background-color":"var(--ast-global-color-4)","background-image":"","background-repeat":"repeat","background-position":"center center","background-size":"auto","background-attachment":"scroll","background-type":"","background-media":"","overlay-type":"","overlay-color":"","overlay-opacity":"","overlay-gradient":""},"tablet":{"background-color":"","background-image":"","background-repeat":"repeat","background-position":"center center","background-size":"auto","background-attachment":"scroll","background-type":"","background-media":"","overlay-type":"","overlay-color":"","overlay-opacity":"","overlay-gradient":""},"mobile":{"background-color":"","background-image":"","background-repeat":"repeat","background-position":"center center","background-size":"auto","background-attachment":"scroll","background-type":"","background-media":"","overlay-type":"","overlay-color":"","overlay-opacity":"","overlay-gradient":""}},"ast-content-background-meta":{"desktop":{"background-color":"var(--ast-global-color-5)","background-image":"","background-repeat":"repeat","background-position":"center center","background-size":"auto","background-attachment":"scroll","background-type":"","background-media":"","overlay-type":"","overlay-color":"","overlay-opacity":"","overlay-gradient":""},"tablet":{"background-color":"var(--ast-global-color-5)","background-image":"","background-repeat":"repeat","background-position":"center center","background-size":"auto","background-attachment":"scroll","background-type":"","background-media":"","overlay-type":"","overlay-color":"","overlay-opacity":"","overlay-gradient":""},"mobile":{"background-color":"var(--ast-global-color-5)","background-image":"","background-repeat":"repeat","background-position":"center center","background-size":"auto","background-attachment":"scroll","background-type":"","background-media":"","overlay-type":"","overlay-color":"","overlay-opacity":"","overlay-gradient":""}},"footnotes":""},"class_list":["post-2591","page","type-page","status-publish","hentry"],"yoast_head":"<!-- This site is optimized with the Yoast SEO plugin v27.4 - https:\/\/yoast.com\/product\/yoast-seo-wordpress\/ -->\n<title>Poslovni podaci - ND Managment<\/title>\n<meta name=\"robots\" content=\"index, follow, max-snippet:-1, max-image-preview:large, max-video-preview:-1\" \/>\n<link rel=\"canonical\" href=\"https:\/\/ndm.hr\/sk\/obchodne-udaje\/\" \/>\n<meta property=\"og:locale\" content=\"sk_SK\" \/>\n<meta property=\"og:type\" content=\"article\" \/>\n<meta property=\"og:title\" content=\"Poslovni podaci - ND Managment\" \/>\n<meta property=\"og:description\" content=\"Nadle\u017eni sud Trgova\u010dki sud u Zadru MBS 110059637 OIB 68681528407 EUID HRSR.110059637 Status Bez postupka Tvrtka NIKO &amp; DUJE MANAGEMENT [&hellip;]\" \/>\n<meta property=\"og:url\" content=\"https:\/\/ndm.hr\/sk\/obchodne-udaje\/\" \/>\n<meta property=\"og:site_name\" content=\"ND Managment\" \/>\n<meta property=\"article:modified_time\" content=\"2024-06-08T14:22:58+00:00\" \/>\n<meta name=\"twitter:card\" content=\"summary_large_image\" \/>\n<meta name=\"twitter:label1\" content=\"Predpokladan\u00fd \u010das \u010d\u00edtania\" \/>\n\t<meta name=\"twitter:data1\" content=\"1 min\u00fata\" \/>\n<script type=\"application\/ld+json\" class=\"yoast-schema-graph\">{\"@context\":\"https:\\\/\\\/schema.org\",\"@graph\":[{\"@type\":\"WebPage\",\"@id\":\"https:\\\/\\\/ndm.hr\\\/poslovni-podaci\\\/\",\"url\":\"https:\\\/\\\/ndm.hr\\\/poslovni-podaci\\\/\",\"name\":\"Poslovni podaci - ND Managment\",\"isPartOf\":{\"@id\":\"https:\\\/\\\/ndm.hr\\\/#website\"},\"datePublished\":\"2024-06-08T14:22:00+00:00\",\"dateModified\":\"2024-06-08T14:22:58+00:00\",\"breadcrumb\":{\"@id\":\"https:\\\/\\\/ndm.hr\\\/poslovni-podaci\\\/#breadcrumb\"},\"inLanguage\":\"sk-SK\",\"potentialAction\":[{\"@type\":\"ReadAction\",\"target\":[\"https:\\\/\\\/ndm.hr\\\/poslovni-podaci\\\/\"]}]},{\"@type\":\"BreadcrumbList\",\"@id\":\"https:\\\/\\\/ndm.hr\\\/poslovni-podaci\\\/#breadcrumb\",\"itemListElement\":[{\"@type\":\"ListItem\",\"position\":1,\"name\":\"Home\",\"item\":\"https:\\\/\\\/ndm.hr\\\/\"},{\"@type\":\"ListItem\",\"position\":2,\"name\":\"Poslovni podaci\"}]},{\"@type\":\"WebSite\",\"@id\":\"https:\\\/\\\/ndm.hr\\\/#website\",\"url\":\"https:\\\/\\\/ndm.hr\\\/\",\"name\":\"ND Managment\",\"description\":\"Brza opskrba za va\u0161e brodove\",\"potentialAction\":[{\"@type\":\"SearchAction\",\"target\":{\"@type\":\"EntryPoint\",\"urlTemplate\":\"https:\\\/\\\/ndm.hr\\\/?s={search_term_string}\"},\"query-input\":{\"@type\":\"PropertyValueSpecification\",\"valueRequired\":true,\"valueName\":\"search_term_string\"}}],\"inLanguage\":\"sk-SK\"}]}<\/script>\n<!-- \/ Yoast SEO plugin. -->","yoast_head_json":{"title":"Obchodn\u00e9 \u00fadaje - ND Management","robots":{"index":"index","follow":"follow","max-snippet":"max-snippet:-1","max-image-preview":"max-image-preview:large","max-video-preview":"max-video-preview:-1"},"canonical":"https:\/\/ndm.hr\/sk\/obchodne-udaje\/","og_locale":"sk_SK","og_type":"article","og_title":"Poslovni podaci - ND Managment","og_description":"Nadle\u017eni sud Trgova\u010dki sud u Zadru MBS 110059637 OIB 68681528407 EUID HRSR.110059637 Status Bez postupka Tvrtka NIKO &amp; DUJE MANAGEMENT [&hellip;]","og_url":"https:\/\/ndm.hr\/sk\/obchodne-udaje\/","og_site_name":"ND Managment","article_modified_time":"2024-06-08T14:22:58+00:00","twitter_card":"summary_large_image","twitter_misc":{"Predpokladan\u00fd \u010das \u010d\u00edtania":"1 min\u00fata"},"schema":{"@context":"https:\/\/schema.org","@graph":[{"@type":"WebPage","@id":"https:\/\/ndm.hr\/poslovni-podaci\/","url":"https:\/\/ndm.hr\/poslovni-podaci\/","name":"Obchodn\u00e9 \u00fadaje - ND Management","isPartOf":{"@id":"https:\/\/ndm.hr\/#website"},"datePublished":"2024-06-08T14:22:00+00:00","dateModified":"2024-06-08T14:22:58+00:00","breadcrumb":{"@id":"https:\/\/ndm.hr\/poslovni-podaci\/#breadcrumb"},"inLanguage":"sk-SK","potentialAction":[{"@type":"ReadAction","target":["https:\/\/ndm.hr\/poslovni-podaci\/"]}]},{"@type":"BreadcrumbList","@id":"https:\/\/ndm.hr\/poslovni-podaci\/#breadcrumb","itemListElement":[{"@type":"ListItem","position":1,"name":"Home","item":"https:\/\/ndm.hr\/"},{"@type":"ListItem","position":2,"name":"Poslovni podaci"}]},{"@type":"WebSite","@id":"https:\/\/ndm.hr\/#website","url":"https:\/\/ndm.hr\/","name":"Vedenie ND","description":"R\u00fdchla dod\u00e1vka pre va\u0161e lode","potentialAction":[{"@type":"SearchAction","target":{"@type":"EntryPoint","urlTemplate":"https:\/\/ndm.hr\/?s={search_term_string}"},"query-input":{"@type":"PropertyValueSpecification","valueRequired":true,"valueName":"search_term_string"}}],"inLanguage":"sk-SK"}]}},"_links":{"self":[{"href":"https:\/\/ndm.hr\/sk\/wp-json\/wp\/v2\/pages\/2591","targetHints":{"allow":["GET"]}}],"collection":[{"href":"https:\/\/ndm.hr\/sk\/wp-json\/wp\/v2\/pages"}],"about":[{"href":"https:\/\/ndm.hr\/sk\/wp-json\/wp\/v2\/types\/page"}],"author":[{"embeddable":true,"href":"https:\/\/ndm.hr\/sk\/wp-json\/wp\/v2\/users\/1"}],"replies":[{"embeddable":true,"href":"https:\/\/ndm.hr\/sk\/wp-json\/wp\/v2\/comments?post=2591"}],"version-history":[{"count":1,"href":"https:\/\/ndm.hr\/sk\/wp-json\/wp\/v2\/pages\/2591\/revisions"}],"predecessor-version":[{"id":2592,"href":"https:\/\/ndm.hr\/sk\/wp-json\/wp\/v2\/pages\/2591\/revisions\/2592"}],"wp:attachment":[{"href":"https:\/\/ndm.hr\/sk\/wp-json\/wp\/v2\/media?parent=2591"}],"curies":[{"name":"wp","href":"https:\/\/api.w.org\/{rel}","templated":true}]}}