{"id":2583,"date":"2024-06-08T16:15:14","date_gmt":"2024-06-08T14:15:14","guid":{"rendered":"https:\/\/ndm.hr\/?page_id=2583"},"modified":"2024-06-08T16:16:44","modified_gmt":"2024-06-08T14:16:44","slug":"odredbe-i-uvjeti","status":"publish","type":"page","link":"https:\/\/ndm.hr\/sk\/podmienky\/","title":{"rendered":"Podmienky"},"content":{"rendered":"<p>Vitajte v N&amp;D Management!<\/p>\n\n\n\n<p>Tieto podmienky popisuj\u00fa pravidl\u00e1 a predpisy pre pou\u017e\u00edvanie webovej str\u00e1nky NIKO &amp; DUJE MANAGEMENT jd umiestnenej na https:\/\/ndm.hr\/.<\/p>\n\n\n\n<p>Vstupom na t\u00fato webov\u00fa str\u00e1nku predpoklad\u00e1me, \u017ee s\u00fahlas\u00edte s t\u00fdmito podmienkami. Nepokra\u010dujte v pou\u017e\u00edvan\u00ed N&amp;D Management, ak neprijmete v\u0161etky zmluvn\u00e9 podmienky uveden\u00e9 na tejto str\u00e1nke.<\/p>\n\n\n\n<p>Nasleduj\u00faca terminol\u00f3gia sa vz\u0165ahuje na tieto Zmluvn\u00e9 podmienky, Vyhl\u00e1senie o ochrane osobn\u00fdch \u00fadajov a Ozn\u00e1menie o vyl\u00fa\u010den\u00ed zodpovednosti a v\u0161etky zmluvy: \u201eKlient\u201c, \u201eVy\u201c a \u201eV\u00e1\u0161\u201c sa vz\u0165ahuje na v\u00e1s, osobu prihlasuj\u00facu sa na t\u00fato webov\u00fa str\u00e1nku a v s\u00falade s podmienkami spolo\u010dnos\u0165. \u201eSpolo\u010dnos\u0165\u201c, \u201emy\u201c, \u201en\u00e1s\u201c, \u201en\u00e1\u0161\u201c a \u201en\u00e1s\u201c ozna\u010duje na\u0161u spolo\u010dnos\u0165. \u201eStrana\u201c, \u201eStrany\u201c alebo \u201eMy\u201c sa vz\u0165ahuje na Klienta aj n\u00e1s. V\u0161etky podmienky sa t\u00fdkaj\u00fa ponuky, prijatia a zv\u00e1\u017eenia platby potrebnej na uskuto\u010dnenie procesu na\u0161ej pomoci klientovi najvhodnej\u0161\u00edm sp\u00f4sobom na v\u00fdslovn\u00fd \u00fa\u010del uspokojenia potrieb klienta v s\u00favislosti s poskytovan\u00edm vy\u0161\u0161ie uveden\u00fdch slu\u017eieb Spolo\u010dnosti, v s\u00falade s s platn\u00fdm pr\u00e1vom \u010ceskej republiky. Ak\u00e9ko\u013evek pou\u017eitie vy\u0161\u0161ie uvedenej terminol\u00f3gie alebo in\u00fdch slov v jednotnom \u010d\u00edsle, mno\u017enom \u010d\u00edsle, ve\u013ek\u00fdmi p\u00edsmenami a\/alebo on\/ona alebo ona sa pova\u017euj\u00fa za vz\u00e1jomne zamenite\u013en\u00e9, a preto sa na ne vz\u0165ahuj\u00fa.<\/p>\n\n\n\n<h3 class=\"wp-block-heading\"><strong>cookies<\/strong><\/h3>\n\n\n\n<p>Pou\u017e\u00edvame pou\u017e\u00edvanie cookies. Vstupom do N&amp;D Management s\u00fahlas\u00edte s pou\u017e\u00edvan\u00edm cookies v s\u00falade s NIKO a Z\u00e1sadami ochrany osobn\u00fdch \u00fadajov DUJE MANAGEMENT jd.<\/p>\n\n\n\n<p>V\u00e4\u010d\u0161ina interakt\u00edvnych webov\u00fdch str\u00e1nok pou\u017e\u00edva s\u00fabory cookie, ktor\u00e9 n\u00e1m umo\u017e\u0148uj\u00fa z\u00edska\u0165 inform\u00e1cie o pou\u017e\u00edvate\u013eovi pri ka\u017edej n\u00e1v\u0161teve. Na\u0161a webov\u00e1 str\u00e1nka pou\u017e\u00edva s\u00fabory cookie na umo\u017enenie funk\u010dnosti ur\u010dit\u00fdch oblast\u00ed, aby sme \u013eu\u010fom u\u013eah\u010dili n\u00e1v\u0161tevu na\u0161ej webovej str\u00e1nky. Niektor\u00ed z na\u0161ich pridru\u017een\u00fdch\/reklamn\u00fdch partnerov m\u00f4\u017eu tie\u017e pou\u017e\u00edva\u0165 s\u00fabory cookie.<\/p>\n\n\n\n<h3 class=\"wp-block-heading\"><strong>Licencia<\/strong><\/h3>\n\n\n\n<p>Pokia\u013e nie je uveden\u00e9 inak, NIKO &amp; DUJE MANAGEMENT jd a\/alebo jej poskytovatelia licenci\u00ed vlastnia pr\u00e1va du\u0161evn\u00e9ho vlastn\u00edctva na v\u0161etok materi\u00e1l o N&amp;D Management. V\u0161etky pr\u00e1va du\u0161evn\u00e9ho vlastn\u00edctva s\u00fa vyhraden\u00e9. M\u00f4\u017eete k nim pristupova\u0165 od spolo\u010dnosti N&amp;D Management pre va\u0161e osobn\u00e9 pou\u017eitie v s\u00falade s obmedzeniami uveden\u00fdmi v t\u00fdchto podmienkach.<\/p>\n\n\n\n<p>Nesmiete:<\/p>\n\n\n\n<ul class=\"wp-block-list\">\n<li>Znovu publikujte materi\u00e1l od N&amp;D Management<\/li>\n\n\n\n<li>Pred\u00e1vajte, prenaj\u00edmajte alebo sublicencujte materi\u00e1l od N&amp;D Management<\/li>\n\n\n\n<li>Reprodukujte, duplikujte alebo kop\u00edrujte materi\u00e1l od N&amp;D Management<\/li>\n\n\n\n<li>Redistribuujte obsah od N&amp;D Management<\/li>\n<\/ul>\n\n\n\n<p>T\u00e1to zmluva nadob\u00fada \u00fa\u010dinnos\u0165 t\u00fdmto d\u0148om. <\/p>\n\n\n\n<p>\u010casti tejto webovej lokality pon\u00fakaj\u00fa pou\u017e\u00edvate\u013eom mo\u017enos\u0165 uverej\u0148ova\u0165 a vymie\u0148a\u0165 si n\u00e1zory a inform\u00e1cie v ur\u010dit\u00fdch oblastiach webovej lokality. NIKO &amp; DUJE MANAGEMENT jd nefiltruje, neupravuje, nezverej\u0148uje ani nekontroluje koment\u00e1re pred ich pr\u00edtomnos\u0165ou na webovej str\u00e1nke. Koment\u00e1re nevyjadruj\u00fa n\u00e1zory a stanovisk\u00e1 spolo\u010dnosti NIKO &amp; DUJE MANAGEMENT jd, jej z\u00e1stupcov a\/alebo pridru\u017een\u00fdch spolo\u010dnost\u00ed. Koment\u00e1re odr\u00e1\u017eaj\u00fa n\u00e1zory a n\u00e1zory osoby, ktor\u00e1 uverej\u0148uje svoje n\u00e1zory a n\u00e1zory. V rozsahu povolenom platn\u00fdmi z\u00e1konmi nenesie NIKO &amp; DUJE MANAGEMENT jd zodpovednos\u0165 za koment\u00e1re ani za \u017eiadnu zodpovednos\u0165, \u0161kodu alebo n\u00e1klady vzniknut\u00e9 a\/alebo vzniknut\u00e9 v d\u00f4sledku ak\u00e9hoko\u013evek pou\u017eitia a\/alebo zverejnenia a\/alebo objavenia sa koment\u00e1rov k tomuto webovej str\u00e1nky.<\/p>\n\n\n\n<p>NIKO &amp; DUJE MANAGEMENT jd si vyhradzuje pr\u00e1vo monitorova\u0165 v\u0161etky koment\u00e1re a odstra\u0148ova\u0165 koment\u00e1re, ktor\u00e9 m\u00f4\u017eu by\u0165 pova\u017eovan\u00e9 za nevhodn\u00e9, ur\u00e1\u017eliv\u00e9 alebo sp\u00f4sobuj\u00face poru\u0161enie t\u00fdchto podmienok.<\/p>\n\n\n\n<p>Zaru\u010dujete a vyhlasujete, \u017ee:<\/p>\n\n\n\n<ul class=\"wp-block-list\">\n<li>M\u00e1te pr\u00e1vo uverej\u0148ova\u0165 koment\u00e1re na na\u0161ej webovej str\u00e1nke a m\u00e1te na to v\u0161etky potrebn\u00e9 licencie a s\u00fahlasy;<\/li>\n\n\n\n<li>Koment\u00e1re neporu\u0161uj\u00fa \u017eiadne pr\u00e1vo du\u0161evn\u00e9ho vlastn\u00edctva, vr\u00e1tane, bez obmedzenia, autorsk\u00fdch pr\u00e1v, patentov alebo ochrann\u00fdch zn\u00e1mok akejko\u013evek tretej strany;<\/li>\n\n\n\n<li>Koment\u00e1re neobsahuj\u00fa \u017eiadny ur\u00e1\u017eliv\u00fd, hanliv\u00fd, ur\u00e1\u017eliv\u00fd, obsc\u00e9nny alebo inak nez\u00e1konn\u00fd materi\u00e1l, ktor\u00fd predstavuje z\u00e1sah do s\u00fakromia<\/li>\n\n\n\n<li>Koment\u00e1re nebud\u00fa pou\u017eit\u00e9 na vy\u017eiadanie alebo propag\u00e1ciu podnikania alebo prakt\u00edk, ani na zastupovanie komer\u010dn\u00fdch aktiv\u00edt alebo nez\u00e1konn\u00fdch aktiv\u00edt.<\/li>\n<\/ul>\n\n\n\n<p>T\u00fdmto ude\u013eujete spolo\u010dnosti NIKO &amp; DUJE MANAGEMENT jd nev\u00fdhradn\u00fa licenciu na pou\u017e\u00edvanie, reprodukovanie, \u00fapravu a opr\u00e1v\u0148ujete in\u00fdch na pou\u017e\u00edvanie, reprodukovanie a \u00fapravu ak\u00fdchko\u013evek va\u0161ich koment\u00e1rov v akejko\u013evek forme, form\u00e1te alebo m\u00e9diu.<\/p>\n\n\n\n<h3 class=\"wp-block-heading\"><strong>Hypertextov\u00fd odkaz na n\u00e1\u0161 obsah<\/strong><\/h3>\n\n\n\n<p>Nasleduj\u00face organiz\u00e1cie m\u00f4\u017eu odkazova\u0165 na na\u0161u webov\u00fa str\u00e1nku bez predch\u00e1dzaj\u00faceho p\u00edsomn\u00e9ho s\u00fahlasu:<\/p>\n\n\n\n<ul class=\"wp-block-list\">\n<li>Vl\u00e1dne agent\u00fary;<\/li>\n\n\n\n<li>Vyh\u013ead\u00e1va\u010de;<\/li>\n\n\n\n<li>noviny;<\/li>\n\n\n\n<li>Distrib\u00fatori internetov\u00fdch adres\u00e1rov m\u00f4\u017eu odkazova\u0165 na na\u0161u str\u00e1nku rovnak\u00fdm sp\u00f4sobom, ako odkazuj\u00fa na str\u00e1nky in\u00fdch k\u00f3tovan\u00fdch spolo\u010dnost\u00ed; a<\/li>\n\n\n\n<li>Akreditovan\u00e9 spolo\u010dnosti v celom syst\u00e9me, s v\u00fdnimkou zbern\u00fdch neziskov\u00fdch organiz\u00e1ci\u00ed, charitat\u00edvnych centier a charitat\u00edvnych fundraisingov\u00fdch skup\u00edn, ktor\u00e9 nemusia ma\u0165 hypertextov\u00fd odkaz na na\u0161u webov\u00fa str\u00e1nku.<\/li>\n<\/ul>\n\n\n\n<p>Tieto organiz\u00e1cie m\u00f4\u017eu odkazova\u0165 na na\u0161u domovsk\u00fa str\u00e1nku, publik\u00e1cie alebo in\u00e9 inform\u00e1cie na webovej lokalite, pokia\u013e odkaz: (a) nie je \u017eiadnym sp\u00f4sobom zav\u00e1dzaj\u00faci; (b) nenazna\u010duje falo\u0161n\u00e9 sponzorstvo, podporu alebo schv\u00e1lenie odkazu a jeho produktov a\/alebo slu\u017eieb; a (c) zapad\u00e1 do kontextu prepojenej str\u00e1nky.<\/p>\n\n\n\n<p>M\u00f4\u017eeme zv\u00e1\u017ei\u0165 a schv\u00e1li\u0165 \u010fal\u0161ie \u017eiadosti o pripojenie nasleduj\u00facich typov organiz\u00e1ci\u00ed:<\/p>\n\n\n\n<ul class=\"wp-block-list\">\n<li>v\u0161eobecne zn\u00e1me spotrebite\u013esk\u00e9 a\/alebo obchodn\u00e9 zdroje inform\u00e1ci\u00ed;<\/li>\n\n\n\n<li>str\u00e1nky komunity dot.com;<\/li>\n\n\n\n<li>zdru\u017eenia alebo in\u00e9 skupiny zastupuj\u00face charitat\u00edvne organiz\u00e1cie;<\/li>\n\n\n\n<li>distrib\u00fatori online adres\u00e1rov;<\/li>\n\n\n\n<li>internetov\u00e9 port\u00e1ly;<\/li>\n\n\n\n<li>\u00fa\u010dtovn\u00edcke, pr\u00e1vne a poradensk\u00e9 firmy; a<\/li>\n\n\n\n<li>vzdel\u00e1vacie in\u0161tit\u00facie a obchodn\u00e9 zdru\u017eenia.<\/li>\n<\/ul>\n\n\n\n<p>\u017diadosti o prepojenie od t\u00fdchto organiz\u00e1ci\u00ed schv\u00e1lime, ak zist\u00edme, \u017ee: (a) toto prepojenie nebude ma\u0165 nepriazniv\u00fd vplyv na n\u00e1s ani na na\u0161e akreditovan\u00e9 spolo\u010dnosti; (b) organiz\u00e1cia u n\u00e1s nem\u00e1 \u017eiadne negat\u00edvne z\u00e1znamy; (c) pr\u00ednos, ktor\u00fd z\u00edskame z vidite\u013enosti hypertextov\u00e9ho odkazu, kompenzuje absenciu NIKO &amp; DUJE MANAGEMENT jd; a (d) odkaz je v kontexte v\u0161eobecn\u00fdch inform\u00e1ci\u00ed o zdroji.<\/p>\n\n\n\n<p>Tieto organiz\u00e1cie m\u00f4\u017eu odkazova\u0165 na na\u0161u domovsk\u00fa str\u00e1nku, pokia\u013e odkaz: (a) nie je \u017eiadnym sp\u00f4sobom zav\u00e1dzaj\u00faci; (b) nenazna\u010duje falo\u0161n\u00e9 sponzorstvo, podporu alebo schv\u00e1lenie odkazu a jeho produktov alebo slu\u017eieb; a (c) zapad\u00e1 do kontextu prepojenej str\u00e1nky.<\/p>\n\n\n\n<p>Ak ste jednou z organiz\u00e1ci\u00ed uveden\u00fdch v odseku 2 vy\u0161\u0161ie a m\u00e1te z\u00e1ujem o prepojenie s na\u0161ou webovou str\u00e1nkou, mus\u00edte n\u00e1m to ozn\u00e1mi\u0165 zaslan\u00edm e-mailu na adresu NIKO &amp; DUJE MANAGEMENT jd Uve\u010fte svoje meno, n\u00e1zov va\u0161ej organiz\u00e1cie, kontaktn\u00e9 inform\u00e1cie a tie\u017e va\u0161u webov\u00fa str\u00e1nku. URL , zoznam v\u0161etk\u00fdch adries URL, z ktor\u00fdch chcete vytvori\u0165 prepojenie na na\u0161u webov\u00fa str\u00e1nku, a zoznam adries URL na na\u0161ej webovej str\u00e1nke, na ktor\u00e9 by ste chceli odkazova\u0165. Na odpove\u010f po\u010dkajte 2-3 t\u00fd\u017edne.<\/p>\n\n\n\n<p>Schv\u00e1len\u00e9 organiz\u00e1cie m\u00f4\u017eu odkazova\u0165 na na\u0161u webov\u00fa str\u00e1nku nasledovne:<\/p>\n\n\n\n<ul class=\"wp-block-list\">\n<li>Pou\u017e\u00edvan\u00edm n\u00e1zvu na\u0161ej spolo\u010dnosti; alebo<\/li>\n\n\n\n<li>Pou\u017e\u00edvan\u00edm jedine\u010dn\u00e9ho lok\u00e1tora zdroja, s ktor\u00fdm je prepojen\u00fd; alebo<\/li>\n\n\n\n<li>Pou\u017eit\u00edm ak\u00e9hoko\u013evek in\u00e9ho popisu na\u0161ej prepojenej webovej str\u00e1nky, ktor\u00fd d\u00e1va zmysel v kontexte a form\u00e1te obsahu na prepojenej webovej lokalite.<\/li>\n<\/ul>\n\n\n\n<p>\u017diadne pou\u017eitie loga NIKO &amp; DUJE MANAGEMENT jd ani in\u00fdch umeleck\u00fdch diel nebude povolen\u00e9 na prepojenie bez licen\u010dnej zmluvy o ochrannej zn\u00e1mke.<\/p>\n\n\n\n<h3 class=\"wp-block-heading\"><strong>iFrames<\/strong><\/h3>\n\n\n\n<p>Bez predch\u00e1dzaj\u00faceho s\u00fahlasu a p\u00edsomn\u00e9ho s\u00fahlasu nesmiete okolo na\u0161ich webov\u00fdch str\u00e1nok vytv\u00e1ra\u0165 r\u00e1mce, ktor\u00e9 ak\u00fdmko\u013evek sp\u00f4sobom menia vizu\u00e1lnu prezent\u00e1ciu alebo vzh\u013ead na\u0161ich webov\u00fdch str\u00e1nok.<\/p>\n\n\n\n<h3 class=\"wp-block-heading\"><strong>Zodpovednos\u0165 za obsah<\/strong><\/h3>\n\n\n\n<p>Nebudeme zodpovedn\u00ed za \u017eiadny obsah, ktor\u00fd sa objav\u00ed na va\u0161ej webovej str\u00e1nke. S\u00fahlas\u00edte s t\u00fdm, \u017ee n\u00e1s od\u0161kodn\u00edte a budete n\u00e1s br\u00e1ni\u0165 vo\u010di ak\u00fdmko\u013evek n\u00e1rokom, ktor\u00e9 sa objavia na va\u0161ej webovej lokalite. Na \u017eiadnej webovej str\u00e1nke by sa nemali objavi\u0165 \u017eiadne odkazy, ktor\u00e9 by sa dali vyklada\u0165 ako hanliv\u00e9, obsc\u00e9nne alebo trestn\u00e9, alebo ktor\u00e9 poru\u0161uj\u00fa, inak poru\u0161uj\u00fa alebo obhajuj\u00fa poru\u0161ovanie alebo in\u00e9 poru\u0161ovanie pr\u00e1v tret\u00edch str\u00e1n.<\/p>\n\n\n\n<h3 class=\"wp-block-heading\"><strong>V\u00fdhrada pr\u00e1v<\/strong><\/h3>\n\n\n\n<p>Vyhradzujeme si pr\u00e1vo po\u017eiada\u0165 v\u00e1s o odstr\u00e1nenie v\u0161etk\u00fdch alebo ak\u00fdchko\u013evek konkr\u00e9tnych odkazov na na\u0161u webov\u00fa str\u00e1nku. S\u00fahlas\u00edte s t\u00fdm, \u017ee na po\u017eiadanie okam\u017eite odstr\u00e1nime v\u0161etky odkazy na na\u0161u webov\u00fa str\u00e1nku. Vyhradzujeme si tie\u017e pr\u00e1vo tieto podmienky kedyko\u013evek zmeni\u0165. Pokra\u010dovan\u00edm v prip\u00e1jan\u00ed k na\u0161ej webovej lokalite s\u00fahlas\u00edte s t\u00fdmito zmluvn\u00fdmi podmienkami prepojenia a dodr\u017eiavate ich.<\/p>\n\n\n\n<h3 class=\"wp-block-heading\"><strong>Odstr\u00e1nenie odkazov z na\u0161ej webovej str\u00e1nky<\/strong><\/h3>\n\n\n\n<p>Ak z ak\u00e9hoko\u013evek d\u00f4vodu zist\u00edte, \u017ee ak\u00fdko\u013evek odkaz na na\u0161ej webovej str\u00e1nke je ur\u00e1\u017eliv\u00fd, m\u00f4\u017eete n\u00e1s kedyko\u013evek kontaktova\u0165 a da\u0165 n\u00e1m vedie\u0165. \u017diadosti o odstr\u00e1nenie odkazov zv\u00e1\u017eime, nie sme v\u0161ak povinn\u00ed odpoveda\u0165 priamo v\u00e1m.<\/p>\n\n\n\n<p>Nezaru\u010dujeme, \u017ee inform\u00e1cie na tejto webovej str\u00e1nke s\u00fa spr\u00e1vne, nezaru\u010dujeme ich \u00faplnos\u0165 alebo presnos\u0165; ani nes\u013eubujeme, \u017ee zabezpe\u010d\u00edme, aby webov\u00e1 lokalita zostala dostupn\u00e1 alebo aby sa materi\u00e1ly na webovej lokalite aktualizovali.<\/p>\n\n\n\n<h3 class=\"wp-block-heading\"><strong>Zrieknutie sa pr\u00e1v<\/strong><\/h3>\n\n\n\n<p>V maxim\u00e1lnej miere povolenej platn\u00fdmi z\u00e1konmi vylu\u010dujeme v\u0161etky vyhl\u00e1senia, z\u00e1ruky a podmienky t\u00fdkaj\u00face sa na\u0161ej webovej str\u00e1nky a pou\u017e\u00edvania tejto webovej str\u00e1nky. Ni\u010d v tomto vyl\u00fa\u010den\u00ed zodpovednosti nesmie:<\/p>\n\n\n\n<ul class=\"wp-block-list\">\n<li>obmedzi\u0165 alebo vyl\u00fa\u010di\u0165 na\u0161u alebo va\u0161u zodpovednos\u0165 za smr\u0165 alebo zranenie os\u00f4b;<\/li>\n\n\n\n<li>obmedzi\u0165 alebo vyl\u00fa\u010di\u0165 na\u0161u alebo va\u0161u zodpovednos\u0165 za podvod alebo nepravdiv\u00e9 vyhl\u00e1senie;<\/li>\n\n\n\n<li>obmedzi\u0165 ak\u00fako\u013evek na\u0161u alebo va\u0161u zodpovednos\u0165 ak\u00fdmko\u013evek sp\u00f4sobom, ktor\u00fd nie je povolen\u00fd pr\u00edslu\u0161n\u00fdmi z\u00e1konmi; alebo<\/li>\n\n\n\n<li>vyl\u00fa\u010di\u0165 ak\u00fako\u013evek na\u0161u alebo va\u0161u zodpovednos\u0165, ktor\u00fa nemo\u017eno vyl\u00fa\u010di\u0165 pod\u013ea platn\u00fdch z\u00e1konov.<\/li>\n<\/ul>\n\n\n\n<p>Obmedzenia a vyl\u00fa\u010denia zodpovednosti uveden\u00e9 v tejto \u010dasti a inde v tomto vyl\u00fa\u010den\u00ed zodpovednosti: (a) podliehaj\u00fa predch\u00e1dzaj\u00facemu odseku; a (b) riadia v\u0161etky z\u00e1v\u00e4zky vypl\u00fdvaj\u00face z odmietnutia zodpovednosti, vr\u00e1tane z\u00e1v\u00e4zkov vypl\u00fdvaj\u00facich zo zmluvy, deliktu a poru\u0161enia z\u00e1konnej povinnosti.<\/p>\n\n\n\n<p>Pokia\u013e s\u00fa webov\u00e1 str\u00e1nka a inform\u00e1cie a slu\u017eby na webovej str\u00e1nke poskytovan\u00e9 bezplatne, nenesieme zodpovednos\u0165 za \u017eiadnu stratu alebo po\u0161kodenie ak\u00e9hoko\u013evek charakteru.<\/p>","protected":false},"excerpt":{"rendered":"<p>Dobrodo\u0161li u N&amp;D Management! Ovi uvjeti i odredbe opisuju pravila i propise za kori\u0161tenje NIKO &amp; Web stranici DUJE MANAGEMENT [&hellip;]<\/p>\n","protected":false},"author":1,"featured_media":0,"parent":0,"menu_order":0,"comment_status":"closed","ping_status":"closed","template":"","meta":{"site-sidebar-layout":"no-sidebar","site-content-layout":"","ast-site-content-layout":"normal-width-container","site-content-style":"default","site-sidebar-style":"default","ast-global-header-display":"","ast-banner-title-visibility":"","ast-main-header-display":"","ast-hfb-above-header-display":"","ast-hfb-below-header-display":"","ast-hfb-mobile-header-display":"","site-post-title":"","ast-breadcrumbs-content":"","ast-featured-img":"","footer-sml-layout":"","ast-disable-related-posts":"","theme-transparent-header-meta":"","adv-header-id-meta":"","stick-header-meta":"","header-above-stick-meta":"","header-main-stick-meta":"","header-below-stick-meta":"","astra-migrate-meta-layouts":"default","ast-page-background-enabled":"default","ast-page-background-meta":{"desktop":{"background-color":"var(--ast-global-color-4)","background-image":"","background-repeat":"repeat","background-position":"center center","background-size":"auto","background-attachment":"scroll","background-type":"","background-media":"","overlay-type":"","overlay-color":"","overlay-opacity":"","overlay-gradient":""},"tablet":{"background-color":"","background-image":"","background-repeat":"repeat","background-position":"center center","background-size":"auto","background-attachment":"scroll","background-type":"","background-media":"","overlay-type":"","overlay-color":"","overlay-opacity":"","overlay-gradient":""},"mobile":{"background-color":"","background-image":"","background-repeat":"repeat","background-position":"center center","background-size":"auto","background-attachment":"scroll","background-type":"","background-media":"","overlay-type":"","overlay-color":"","overlay-opacity":"","overlay-gradient":""}},"ast-content-background-meta":{"desktop":{"background-color":"var(--ast-global-color-5)","background-image":"","background-repeat":"repeat","background-position":"center center","background-size":"auto","background-attachment":"scroll","background-type":"","background-media":"","overlay-type":"","overlay-color":"","overlay-opacity":"","overlay-gradient":""},"tablet":{"background-color":"var(--ast-global-color-5)","background-image":"","background-repeat":"repeat","background-position":"center center","background-size":"auto","background-attachment":"scroll","background-type":"","background-media":"","overlay-type":"","overlay-color":"","overlay-opacity":"","overlay-gradient":""},"mobile":{"background-color":"var(--ast-global-color-5)","background-image":"","background-repeat":"repeat","background-position":"center center","background-size":"auto","background-attachment":"scroll","background-type":"","background-media":"","overlay-type":"","overlay-color":"","overlay-opacity":"","overlay-gradient":""}},"footnotes":""},"class_list":["post-2583","page","type-page","status-publish","hentry"],"yoast_head":"<!-- This site is optimized with the Yoast SEO plugin v27.4 - https:\/\/yoast.com\/product\/yoast-seo-wordpress\/ -->\n<title>Odredbe i uvjeti - ND Managment<\/title>\n<meta name=\"robots\" content=\"noindex, follow\" \/>\n<meta property=\"og:locale\" content=\"sk_SK\" \/>\n<meta property=\"og:type\" content=\"article\" \/>\n<meta property=\"og:title\" content=\"Odredbe i uvjeti - ND Managment\" \/>\n<meta property=\"og:description\" content=\"Dobrodo\u0161li u N&amp;D Management! Ovi uvjeti i odredbe opisuju pravila i propise za kori\u0161tenje NIKO &amp; Web stranici DUJE MANAGEMENT [&hellip;]\" \/>\n<meta property=\"og:url\" content=\"https:\/\/ndm.hr\/sk\/podmienky\/\" \/>\n<meta property=\"og:site_name\" content=\"ND Managment\" \/>\n<meta property=\"article:modified_time\" content=\"2024-06-08T14:16:44+00:00\" \/>\n<meta name=\"twitter:card\" content=\"summary_large_image\" \/>\n<meta name=\"twitter:label1\" content=\"Predpokladan\u00fd \u010das \u010d\u00edtania\" \/>\n\t<meta name=\"twitter:data1\" content=\"8 min\u00fat\" \/>\n<script type=\"application\/ld+json\" class=\"yoast-schema-graph\">{\"@context\":\"https:\\\/\\\/schema.org\",\"@graph\":[{\"@type\":\"WebPage\",\"@id\":\"https:\\\/\\\/ndm.hr\\\/odredbe-i-uvjeti\\\/\",\"url\":\"https:\\\/\\\/ndm.hr\\\/odredbe-i-uvjeti\\\/\",\"name\":\"Odredbe i uvjeti - ND Managment\",\"isPartOf\":{\"@id\":\"https:\\\/\\\/ndm.hr\\\/#website\"},\"datePublished\":\"2024-06-08T14:15:14+00:00\",\"dateModified\":\"2024-06-08T14:16:44+00:00\",\"breadcrumb\":{\"@id\":\"https:\\\/\\\/ndm.hr\\\/odredbe-i-uvjeti\\\/#breadcrumb\"},\"inLanguage\":\"sk-SK\",\"potentialAction\":[{\"@type\":\"ReadAction\",\"target\":[\"https:\\\/\\\/ndm.hr\\\/odredbe-i-uvjeti\\\/\"]}]},{\"@type\":\"BreadcrumbList\",\"@id\":\"https:\\\/\\\/ndm.hr\\\/odredbe-i-uvjeti\\\/#breadcrumb\",\"itemListElement\":[{\"@type\":\"ListItem\",\"position\":1,\"name\":\"Home\",\"item\":\"https:\\\/\\\/ndm.hr\\\/\"},{\"@type\":\"ListItem\",\"position\":2,\"name\":\"Odredbe i uvjeti\"}]},{\"@type\":\"WebSite\",\"@id\":\"https:\\\/\\\/ndm.hr\\\/#website\",\"url\":\"https:\\\/\\\/ndm.hr\\\/\",\"name\":\"ND Managment\",\"description\":\"Brza opskrba za va\u0161e brodove\",\"potentialAction\":[{\"@type\":\"SearchAction\",\"target\":{\"@type\":\"EntryPoint\",\"urlTemplate\":\"https:\\\/\\\/ndm.hr\\\/?s={search_term_string}\"},\"query-input\":{\"@type\":\"PropertyValueSpecification\",\"valueRequired\":true,\"valueName\":\"search_term_string\"}}],\"inLanguage\":\"sk-SK\"}]}<\/script>\n<!-- \/ Yoast SEO plugin. -->","yoast_head_json":{"title":"Obchodn\u00e9 podmienky - Mana\u017ement ND","robots":{"index":"noindex","follow":"follow"},"og_locale":"sk_SK","og_type":"article","og_title":"Odredbe i uvjeti - ND Managment","og_description":"Dobrodo\u0161li u N&amp;D Management! Ovi uvjeti i odredbe opisuju pravila i propise za kori\u0161tenje NIKO &amp; Web stranici DUJE MANAGEMENT [&hellip;]","og_url":"https:\/\/ndm.hr\/sk\/podmienky\/","og_site_name":"ND Managment","article_modified_time":"2024-06-08T14:16:44+00:00","twitter_card":"summary_large_image","twitter_misc":{"Predpokladan\u00fd \u010das \u010d\u00edtania":"8 min\u00fat"},"schema":{"@context":"https:\/\/schema.org","@graph":[{"@type":"WebPage","@id":"https:\/\/ndm.hr\/odredbe-i-uvjeti\/","url":"https:\/\/ndm.hr\/odredbe-i-uvjeti\/","name":"Obchodn\u00e9 podmienky - Mana\u017ement ND","isPartOf":{"@id":"https:\/\/ndm.hr\/#website"},"datePublished":"2024-06-08T14:15:14+00:00","dateModified":"2024-06-08T14:16:44+00:00","breadcrumb":{"@id":"https:\/\/ndm.hr\/odredbe-i-uvjeti\/#breadcrumb"},"inLanguage":"sk-SK","potentialAction":[{"@type":"ReadAction","target":["https:\/\/ndm.hr\/odredbe-i-uvjeti\/"]}]},{"@type":"BreadcrumbList","@id":"https:\/\/ndm.hr\/odredbe-i-uvjeti\/#breadcrumb","itemListElement":[{"@type":"ListItem","position":1,"name":"Home","item":"https:\/\/ndm.hr\/"},{"@type":"ListItem","position":2,"name":"Odredbe i uvjeti"}]},{"@type":"WebSite","@id":"https:\/\/ndm.hr\/#website","url":"https:\/\/ndm.hr\/","name":"Vedenie ND","description":"R\u00fdchla dod\u00e1vka pre va\u0161e lode","potentialAction":[{"@type":"SearchAction","target":{"@type":"EntryPoint","urlTemplate":"https:\/\/ndm.hr\/?s={search_term_string}"},"query-input":{"@type":"PropertyValueSpecification","valueRequired":true,"valueName":"search_term_string"}}],"inLanguage":"sk-SK"}]}},"_links":{"self":[{"href":"https:\/\/ndm.hr\/sk\/wp-json\/wp\/v2\/pages\/2583","targetHints":{"allow":["GET"]}}],"collection":[{"href":"https:\/\/ndm.hr\/sk\/wp-json\/wp\/v2\/pages"}],"about":[{"href":"https:\/\/ndm.hr\/sk\/wp-json\/wp\/v2\/types\/page"}],"author":[{"embeddable":true,"href":"https:\/\/ndm.hr\/sk\/wp-json\/wp\/v2\/users\/1"}],"replies":[{"embeddable":true,"href":"https:\/\/ndm.hr\/sk\/wp-json\/wp\/v2\/comments?post=2583"}],"version-history":[{"count":2,"href":"https:\/\/ndm.hr\/sk\/wp-json\/wp\/v2\/pages\/2583\/revisions"}],"predecessor-version":[{"id":2586,"href":"https:\/\/ndm.hr\/sk\/wp-json\/wp\/v2\/pages\/2583\/revisions\/2586"}],"wp:attachment":[{"href":"https:\/\/ndm.hr\/sk\/wp-json\/wp\/v2\/media?parent=2583"}],"curies":[{"name":"wp","href":"https:\/\/api.w.org\/{rel}","templated":true}]}}