{"id":1462,"date":"2024-05-21T11:30:51","date_gmt":"2024-05-21T11:30:51","guid":{"rendered":"https:\/\/ndm.hr\/shop\/"},"modified":"2024-05-21T11:37:15","modified_gmt":"2024-05-21T11:37:15","slug":"katalog","status":"publish","type":"page","link":"https:\/\/ndm.hr\/sk\/katalog\/","title":{"rendered":"Katal\u00f3g"},"content":{"rendered":"","protected":false},"excerpt":{"rendered":"","protected":false},"author":1,"featured_media":0,"parent":0,"menu_order":0,"comment_status":"closed","ping_status":"closed","template":"","meta":{"site-sidebar-layout":"default","site-content-layout":"","ast-site-content-layout":"default","site-content-style":"default","site-sidebar-style":"default","ast-global-header-display":"","ast-banner-title-visibility":"","ast-main-header-display":"","ast-hfb-above-header-display":"","ast-hfb-below-header-display":"","ast-hfb-mobile-header-display":"","site-post-title":"","ast-breadcrumbs-content":"","ast-featured-img":"","footer-sml-layout":"","ast-disable-related-posts":"","theme-transparent-header-meta":"","adv-header-id-meta":"","stick-header-meta":"","header-above-stick-meta":"","header-main-stick-meta":"","header-below-stick-meta":"","astra-migrate-meta-layouts":"default","ast-page-background-enabled":"default","ast-page-background-meta":{"desktop":{"background-color":"var(--ast-global-color-4)","background-image":"","background-repeat":"repeat","background-position":"center center","background-size":"auto","background-attachment":"scroll","background-type":"","background-media":"","overlay-type":"","overlay-color":"","overlay-opacity":"","overlay-gradient":""},"tablet":{"background-color":"","background-image":"","background-repeat":"repeat","background-position":"center center","background-size":"auto","background-attachment":"scroll","background-type":"","background-media":"","overlay-type":"","overlay-color":"","overlay-opacity":"","overlay-gradient":""},"mobile":{"background-color":"","background-image":"","background-repeat":"repeat","background-position":"center center","background-size":"auto","background-attachment":"scroll","background-type":"","background-media":"","overlay-type":"","overlay-color":"","overlay-opacity":"","overlay-gradient":""}},"ast-content-background-meta":{"desktop":{"background-color":"var(--ast-global-color-5)","background-image":"","background-repeat":"repeat","background-position":"center center","background-size":"auto","background-attachment":"scroll","background-type":"","background-media":"","overlay-type":"","overlay-color":"","overlay-opacity":"","overlay-gradient":""},"tablet":{"background-color":"var(--ast-global-color-5)","background-image":"","background-repeat":"repeat","background-position":"center center","background-size":"auto","background-attachment":"scroll","background-type":"","background-media":"","overlay-type":"","overlay-color":"","overlay-opacity":"","overlay-gradient":""},"mobile":{"background-color":"var(--ast-global-color-5)","background-image":"","background-repeat":"repeat","background-position":"center center","background-size":"auto","background-attachment":"scroll","background-type":"","background-media":"","overlay-type":"","overlay-color":"","overlay-opacity":"","overlay-gradient":""}},"footnotes":""},"class_list":["post-1462","page","type-page","status-publish","hentry"],"yoast_head":"<!-- This site is optimized with the Yoast SEO plugin v27.4 - https:\/\/yoast.com\/product\/yoast-seo-wordpress\/ -->\n<title>Katalog - ND Managment<\/title>\n<meta name=\"robots\" content=\"index, follow, max-snippet:-1, max-image-preview:large, max-video-preview:-1\" \/>\n<link rel=\"canonical\" href=\"https:\/\/ndm.hr\/sk\/katalog\/\" \/>\n<meta property=\"og:locale\" content=\"sk_SK\" \/>\n<meta property=\"og:type\" content=\"article\" \/>\n<meta property=\"og:title\" content=\"Katalog - ND Managment\" \/>\n<meta property=\"og:url\" content=\"https:\/\/ndm.hr\/sk\/katalog\/\" \/>\n<meta property=\"og:site_name\" content=\"ND Managment\" \/>\n<meta property=\"article:modified_time\" content=\"2024-05-21T11:37:15+00:00\" \/>\n<meta name=\"twitter:card\" content=\"summary_large_image\" \/>\n<script type=\"application\/ld+json\" class=\"yoast-schema-graph\">{\"@context\":\"https:\\\/\\\/schema.org\",\"@graph\":[{\"@type\":\"WebPage\",\"@id\":\"https:\\\/\\\/ndm.hr\\\/katalog\\\/\",\"url\":\"https:\\\/\\\/ndm.hr\\\/katalog\\\/\",\"name\":\"Katalog - ND Managment\",\"isPartOf\":{\"@id\":\"https:\\\/\\\/ndm.hr\\\/#website\"},\"datePublished\":\"2024-05-21T11:30:51+00:00\",\"dateModified\":\"2024-05-21T11:37:15+00:00\",\"breadcrumb\":{\"@id\":\"https:\\\/\\\/ndm.hr\\\/katalog\\\/#breadcrumb\"},\"inLanguage\":\"sk-SK\",\"potentialAction\":[{\"@type\":\"ReadAction\",\"target\":[\"https:\\\/\\\/ndm.hr\\\/katalog\\\/\"]}]},{\"@type\":\"BreadcrumbList\",\"@id\":\"https:\\\/\\\/ndm.hr\\\/katalog\\\/#breadcrumb\",\"itemListElement\":[{\"@type\":\"ListItem\",\"position\":1,\"name\":\"Home\",\"item\":\"https:\\\/\\\/ndm.hr\\\/\"},{\"@type\":\"ListItem\",\"position\":2,\"name\":\"Katalog\"}]},{\"@type\":\"WebSite\",\"@id\":\"https:\\\/\\\/ndm.hr\\\/#website\",\"url\":\"https:\\\/\\\/ndm.hr\\\/\",\"name\":\"ND Managment\",\"description\":\"Brza opskrba za va\u0161e brodove\",\"potentialAction\":[{\"@type\":\"SearchAction\",\"target\":{\"@type\":\"EntryPoint\",\"urlTemplate\":\"https:\\\/\\\/ndm.hr\\\/?s={search_term_string}\"},\"query-input\":{\"@type\":\"PropertyValueSpecification\",\"valueRequired\":true,\"valueName\":\"search_term_string\"}}],\"inLanguage\":\"sk-SK\"}]}<\/script>\n<!-- \/ Yoast SEO plugin. -->","yoast_head_json":{"title":"Katal\u00f3g - Mana\u017ement ND","robots":{"index":"index","follow":"follow","max-snippet":"max-snippet:-1","max-image-preview":"max-image-preview:large","max-video-preview":"max-video-preview:-1"},"canonical":"https:\/\/ndm.hr\/sk\/katalog\/","og_locale":"sk_SK","og_type":"article","og_title":"Katalog - ND Managment","og_url":"https:\/\/ndm.hr\/sk\/katalog\/","og_site_name":"ND Managment","article_modified_time":"2024-05-21T11:37:15+00:00","twitter_card":"summary_large_image","schema":{"@context":"https:\/\/schema.org","@graph":[{"@type":"WebPage","@id":"https:\/\/ndm.hr\/katalog\/","url":"https:\/\/ndm.hr\/katalog\/","name":"Katal\u00f3g - Mana\u017ement ND","isPartOf":{"@id":"https:\/\/ndm.hr\/#website"},"datePublished":"2024-05-21T11:30:51+00:00","dateModified":"2024-05-21T11:37:15+00:00","breadcrumb":{"@id":"https:\/\/ndm.hr\/katalog\/#breadcrumb"},"inLanguage":"sk-SK","potentialAction":[{"@type":"ReadAction","target":["https:\/\/ndm.hr\/katalog\/"]}]},{"@type":"BreadcrumbList","@id":"https:\/\/ndm.hr\/katalog\/#breadcrumb","itemListElement":[{"@type":"ListItem","position":1,"name":"Home","item":"https:\/\/ndm.hr\/"},{"@type":"ListItem","position":2,"name":"Katalog"}]},{"@type":"WebSite","@id":"https:\/\/ndm.hr\/#website","url":"https:\/\/ndm.hr\/","name":"Vedenie ND","description":"R\u00fdchla dod\u00e1vka pre va\u0161e lode","potentialAction":[{"@type":"SearchAction","target":{"@type":"EntryPoint","urlTemplate":"https:\/\/ndm.hr\/?s={search_term_string}"},"query-input":{"@type":"PropertyValueSpecification","valueRequired":true,"valueName":"search_term_string"}}],"inLanguage":"sk-SK"}]}},"_links":{"self":[{"href":"https:\/\/ndm.hr\/sk\/wp-json\/wp\/v2\/pages\/1462","targetHints":{"allow":["GET"]}}],"collection":[{"href":"https:\/\/ndm.hr\/sk\/wp-json\/wp\/v2\/pages"}],"about":[{"href":"https:\/\/ndm.hr\/sk\/wp-json\/wp\/v2\/types\/page"}],"author":[{"embeddable":true,"href":"https:\/\/ndm.hr\/sk\/wp-json\/wp\/v2\/users\/1"}],"replies":[{"embeddable":true,"href":"https:\/\/ndm.hr\/sk\/wp-json\/wp\/v2\/comments?post=1462"}],"version-history":[{"count":1,"href":"https:\/\/ndm.hr\/sk\/wp-json\/wp\/v2\/pages\/1462\/revisions"}],"predecessor-version":[{"id":1471,"href":"https:\/\/ndm.hr\/sk\/wp-json\/wp\/v2\/pages\/1462\/revisions\/1471"}],"wp:attachment":[{"href":"https:\/\/ndm.hr\/sk\/wp-json\/wp\/v2\/media?parent=1462"}],"curies":[{"name":"wp","href":"https:\/\/api.w.org\/{rel}","templated":true}]}}