{"id":2583,"date":"2024-06-08T16:15:14","date_gmt":"2024-06-08T14:15:14","guid":{"rendered":"https:\/\/ndm.hr\/?page_id=2583"},"modified":"2024-06-08T16:16:44","modified_gmt":"2024-06-08T14:16:44","slug":"odredbe-i-uvjeti","status":"publish","type":"page","link":"https:\/\/ndm.hr\/es\/terminos-y-condiciones\/","title":{"rendered":"T\u00e9rminos y condiciones"},"content":{"rendered":"<p>\u00a1Bienvenido a Gesti\u00f3n N&amp;D!<\/p>\n\n\n\n<p>Estos t\u00e9rminos y condiciones describen las reglas y regulaciones para el uso del sitio web NIKO &amp; DUJE MANAGEMENT jd ubicado en https:\/\/ndm.hr\/.<\/p>\n\n\n\n<p>Al acceder a este sitio web, asumimos que acepta estos t\u00e9rminos y condiciones. No contin\u00fae utilizando N&amp;D Management si no acepta todos los t\u00e9rminos y condiciones establecidos en esta p\u00e1gina.<\/p>\n\n\n\n<p>La siguiente terminolog\u00eda se aplica a estos T\u00e9rminos y condiciones, la Declaraci\u00f3n de privacidad y el Aviso de exenci\u00f3n de responsabilidad y a todos los acuerdos: &quot;Cliente&quot;, &quot;Usted&quot; y &quot;Su&quot; se refiere a usted, la persona que inicia sesi\u00f3n en este sitio web y de acuerdo con los t\u00e9rminos y condiciones de la empresa. &quot;Empresa&quot;, &quot;Nosotros&quot;, &quot;Nos&quot;, &quot;Nuestro&quot; y &quot;Nos&quot;, se refiere a nuestra empresa. &quot;Parte&quot;, &quot;Partes&quot; o &quot;Nosotros&quot;, se refiere tanto al Cliente como a nosotros. Todas las condiciones se refieren al ofrecimiento, aceptaci\u00f3n y consideraci\u00f3n del pago necesario para llevar a cabo el proceso de nuestra asistencia al Cliente de la forma m\u00e1s adecuada con el fin expreso de satisfacer las necesidades del Cliente respecto de la prestaci\u00f3n de los servicios antes mencionados de la Compa\u00f1\u00eda, de conformidad con la legislaci\u00f3n aplicable de la Rep\u00fablica Checa. Cualquier uso de la terminolog\u00eda anterior u otras palabras en singular, plural, may\u00fasculas y\/o \u00e9l\/ella o ellos se consideran intercambiables y por lo tanto se refieren a lo mismo.<\/p>\n\n\n\n<h3 class=\"wp-block-heading\"><strong>galletas<\/strong><\/h3>\n\n\n\n<p>Utilizamos el uso de cookies. Al acceder a N&amp;D Management, acepta el uso de cookies de acuerdo con NIKO y la Pol\u00edtica de privacidad DUJE MANAGEMENT jd.<\/p>\n\n\n\n<p>La mayor\u00eda de los sitios web interactivos utilizan cookies para permitirnos recuperar informaci\u00f3n del usuario para cada visita. Nuestro sitio web utiliza cookies para habilitar la funcionalidad de ciertas \u00e1reas para facilitar que las personas visiten nuestro sitio web. Algunos de nuestros socios afiliados\/publicitarios tambi\u00e9n pueden utilizar cookies.<\/p>\n\n\n\n<h3 class=\"wp-block-heading\"><strong>Licencia<\/strong><\/h3>\n\n\n\n<p>A menos que se indique lo contrario, NIKO &amp; DUJE MANAGEMENT jd y\/o sus licenciantes poseen los derechos de propiedad intelectual de todo el material de N&amp;D Management. Todos los derechos de propiedad intelectual est\u00e1n reservados. Puede acceder a esto desde N&amp;D Management para su uso personal sujeto a las restricciones establecidas en estos t\u00e9rminos y condiciones.<\/p>\n\n\n\n<p>No debes:<\/p>\n\n\n\n<ul class=\"wp-block-list\">\n<li>Volver a publicar material de N&amp;D Management<\/li>\n\n\n\n<li>Vender, alquilar o sublicenciar material de N&amp;D Management<\/li>\n\n\n\n<li>Reproducir, duplicar o copiar material de N&amp;D Management<\/li>\n\n\n\n<li>Redistribuir contenido de N&amp;D Management<\/li>\n<\/ul>\n\n\n\n<p>Este Acuerdo entra en vigor en esta fecha. <\/p>\n\n\n\n<p>Partes de este sitio web ofrecen a los usuarios la posibilidad de publicar e intercambiar opiniones e informaci\u00f3n en determinadas \u00e1reas del sitio web. NIKO &amp; DUJE MANAGEMENT jd no filtra, edita, publica ni revisa los comentarios antes de su presencia en el sitio web. Los comentarios no reflejan los puntos de vista ni las opiniones de NIKO &amp; DUJE MANAGEMENT jd, sus representantes y\/o empresas afiliadas. Los comentarios reflejan los puntos de vista y opiniones de la persona que publica sus puntos de vista y opiniones. En la medida permitida por las leyes aplicables, NIKO &amp; DUJE MANAGEMENT jd no ser\u00e1 responsable de los comentarios ni de ninguna responsabilidad, da\u00f1o o costos incurridos y\/o incurridos como resultado de cualquier uso y\/o publicaci\u00f3n y\/o aparici\u00f3n de comentarios en este sitio web.<\/p>\n\n\n\n<p>NIKO &amp; DUJE MANAGEMENT jd se reserva el derecho de monitorear todos los comentarios y eliminar cualquier comentario que pueda considerarse inapropiado, ofensivo o causar una violaci\u00f3n de estos T\u00e9rminos.<\/p>\n\n\n\n<p>Usted garantiza y declara que:<\/p>\n\n\n\n<ul class=\"wp-block-list\">\n<li>Tiene derecho a publicar comentarios en nuestro sitio web y tiene todas las licencias y consentimientos necesarios para hacerlo;<\/li>\n\n\n\n<li>Los Comentarios no infringen ning\u00fan derecho de propiedad intelectual, incluidos, entre otros, los derechos de autor, patentes o marcas comerciales de terceros;<\/li>\n\n\n\n<li>Los comentarios no contienen ning\u00fan material calumnioso, difamatorio, abusivo, obsceno o ilegal que constituya una invasi\u00f3n de la privacidad.<\/li>\n\n\n\n<li>Los comentarios no se utilizar\u00e1n para solicitar o promover negocios o pr\u00e1cticas ni representar actividades comerciales o actividades ilegales.<\/li>\n<\/ul>\n\n\n\n<p>Por la presente otorga a NIKO &amp; DUJE MANAGEMENT jd una licencia no exclusiva para usar, reproducir, editar y autorizar a otros a usar, reproducir y editar cualquiera de sus Comentarios en todas y cada una de las formas, formatos o medios.<\/p>\n\n\n\n<h3 class=\"wp-block-heading\"><strong>Hiperv\u00ednculo a nuestro contenido<\/strong><\/h3>\n\n\n\n<p>Las siguientes organizaciones pueden vincularse a nuestro sitio web sin aprobaci\u00f3n previa por escrito:<\/p>\n\n\n\n<ul class=\"wp-block-list\">\n<li>Agencias gubernamentales;<\/li>\n\n\n\n<li>Los motores de b\u00fasqueda;<\/li>\n\n\n\n<li>Organizaciones de noticias;<\/li>\n\n\n\n<li>Los distribuidores de directorios de Internet pueden vincularse a nuestro sitio de la misma manera que lo hacen a los sitios de otras empresas que cotizan en bolsa; y<\/li>\n\n\n\n<li>Empresas acreditadas en todo el sistema, excepto organizaciones recaudadoras sin fines de lucro, centros comerciales ben\u00e9ficos y grupos ben\u00e9ficos de recaudaci\u00f3n de fondos que pueden no tener un hiperv\u00ednculo a nuestro sitio web.<\/li>\n<\/ul>\n\n\n\n<p>Estas organizaciones pueden vincular a nuestra p\u00e1gina de inicio, publicaciones u otra informaci\u00f3n en el sitio web siempre que el v\u00ednculo: (a) no sea enga\u00f1oso de ninguna manera; (b) no implica falso patrocinio, respaldo o aprobaci\u00f3n del enlace y sus productos y\/o servicios; y (c) encaja en el contexto de la p\u00e1gina vinculada.<\/p>\n\n\n\n<p>Podemos considerar y aprobar otras solicitudes para conectar los siguientes tipos de organizaciones:<\/p>\n\n\n\n<ul class=\"wp-block-list\">\n<li>fuentes de informaci\u00f3n comerciales y\/o de consumidores generalmente conocidas;<\/li>\n\n\n\n<li>sitios comunitarios punto.com;<\/li>\n\n\n\n<li>asociaciones u otros grupos que representan organizaciones caritativas;<\/li>\n\n\n\n<li>distribuidores de directorios en l\u00ednea;<\/li>\n\n\n\n<li>portales de internet;<\/li>\n\n\n\n<li>firmas contables, legales y de consultor\u00eda; y<\/li>\n\n\n\n<li>instituciones educativas y asociaciones comerciales.<\/li>\n<\/ul>\n\n\n\n<p>Aprobaremos las solicitudes de vinculaci\u00f3n de estas organizaciones si determinamos que: (a) la vinculaci\u00f3n no nos har\u00e1 ver desfavorablemente a nosotros o a nuestras Empresas Acreditadas; (b) la organizaci\u00f3n no tiene ning\u00fan registro negativo con nosotros; (c) el beneficio que obtenemos de la visibilidad del hiperv\u00ednculo compensa la ausencia de NIKO &amp; DUJE MANAGEMENT jd; y (d) el enlace est\u00e1 en el contexto de informaci\u00f3n general sobre la fuente.<\/p>\n\n\n\n<p>Estas organizaciones pueden vincularse a nuestra p\u00e1gina de inicio siempre que el v\u00ednculo: (a) no sea enga\u00f1oso de ninguna manera; (b) no implica falso patrocinio, respaldo o aprobaci\u00f3n del enlace y sus productos o servicios; y (c) encaja en el contexto de la p\u00e1gina vinculada.<\/p>\n\n\n\n<p>Si usted es una de las organizaciones enumeradas en el p\u00e1rrafo 2 anterior y est\u00e1 interesado en vincularse a nuestro sitio web, debe notificarnos enviando un correo electr\u00f3nico a NIKO &amp; DUJE MANAGEMENT jd. Incluya su nombre, el nombre de su organizaci\u00f3n, informaci\u00f3n de contacto y su sitio web. URL, una lista de todas las URL desde las que desea vincular a nuestro sitio web y una lista de las URL de nuestro sitio web a las que le gustar\u00eda vincularse. Espere de 2 a 3 semanas para recibir una respuesta.<\/p>\n\n\n\n<p>Las organizaciones aprobadas pueden hacer hiperv\u00ednculos a nuestro sitio web de la siguiente manera:<\/p>\n\n\n\n<ul class=\"wp-block-list\">\n<li>Al utilizar el nombre de nuestra empresa; o<\/li>\n\n\n\n<li>Utilizando el localizador de recursos \u00fanico al que est\u00e1 vinculado; o<\/li>\n\n\n\n<li>Utilizando cualquier otra descripci\u00f3n de nuestro sitio web vinculado que tenga sentido dentro del contexto y formato del contenido del sitio web vinculado.<\/li>\n<\/ul>\n\n\n\n<p>No se permitir\u00e1 el uso del logotipo de NIKO &amp; DUJE MANAGEMENT jd u otras ilustraciones para vincular sin un acuerdo de licencia de marca registrada.<\/p>\n\n\n\n<h3 class=\"wp-block-heading\"><strong>marcos flotantes<\/strong><\/h3>\n\n\n\n<p>Sin aprobaci\u00f3n previa y permiso por escrito, no puede crear marcos alrededor de nuestras p\u00e1ginas web que de alguna manera alteren la presentaci\u00f3n visual o la apariencia de nuestras p\u00e1ginas web.<\/p>\n\n\n\n<h3 class=\"wp-block-heading\"><strong>Responsabilidad por el contenido<\/strong><\/h3>\n\n\n\n<p>No seremos responsables de ning\u00fan contenido que aparezca en su sitio web. Usted acepta indemnizarnos y defendernos contra cualquier reclamo que aparezca en su sitio web. No deben aparecer enlaces en ning\u00fan sitio web que puedan interpretarse como difamatorios, obscenos o criminales, o que infrinjan, violen o defiendan la infracci\u00f3n u otra violaci\u00f3n de los derechos de terceros.<\/p>\n\n\n\n<h3 class=\"wp-block-heading\"><strong>Reserva de derechos<\/strong><\/h3>\n\n\n\n<p>Nos reservamos el derecho de solicitar que elimine todos o algunos enlaces espec\u00edficos a nuestro sitio web. Usted acepta nuestra eliminaci\u00f3n inmediata de todos los enlaces a nuestro sitio web si lo solicita. Tambi\u00e9n nos reservamos el derecho de cambiar estos t\u00e9rminos y condiciones en cualquier momento. Al continuar conect\u00e1ndose a nuestro sitio web, acepta y sigue estos t\u00e9rminos y condiciones de enlace.<\/p>\n\n\n\n<h3 class=\"wp-block-heading\"><strong>Eliminaci\u00f3n de enlaces de nuestro sitio web<\/strong><\/h3>\n\n\n\n<p>Si por alguna raz\u00f3n encuentra que alg\u00fan enlace en nuestro sitio web es ofensivo, puede contactarnos e informarnos en cualquier momento. Consideraremos las solicitudes para eliminar enlaces, pero no estamos obligados a responderle directamente.<\/p>\n\n\n\n<p>No garantizamos que la informaci\u00f3n de este sitio web sea correcta, no garantizamos su integridad o exactitud; ni prometemos garantizar que el sitio web permanezca disponible o que el material del sitio web est\u00e9 actualizado.<\/p>\n\n\n\n<h3 class=\"wp-block-heading\"><strong>Exenci\u00f3n<\/strong><\/h3>\n\n\n\n<p>En la m\u00e1xima medida permitida por la ley aplicable, excluimos todas las representaciones, garant\u00edas y condiciones relacionadas con nuestro sitio web y el uso de este sitio web. Nada en este descargo de responsabilidad deber\u00e1:<\/p>\n\n\n\n<ul class=\"wp-block-list\">\n<li>limitar o excluir nuestra o su responsabilidad por muerte o lesiones personales;<\/li>\n\n\n\n<li>limitar o excluir nuestra o su responsabilidad por fraude o tergiversaci\u00f3n;<\/li>\n\n\n\n<li>limitar nuestra responsabilidad o la suya de cualquier forma que no est\u00e9 permitida por la ley aplicable; o<\/li>\n\n\n\n<li>excluir cualquier responsabilidad nuestra o suya que no pueda excluirse seg\u00fan la ley aplicable.<\/li>\n<\/ul>\n\n\n\n<p>Las limitaciones y exclusiones de responsabilidad establecidas en esta secci\u00f3n y en otras partes de este descargo de responsabilidad: (a) est\u00e1n sujetas al p\u00e1rrafo anterior; y (b) regir todas las responsabilidades que surjan de la exenci\u00f3n de responsabilidad, incluidas las responsabilidades que surjan en el contrato, el agravio y el incumplimiento del deber legal.<\/p>\n\n\n\n<p>Siempre que el sitio web y la informaci\u00f3n y los servicios del sitio web se proporcionen de forma gratuita, no seremos responsables de ninguna p\u00e9rdida o da\u00f1o de cualquier naturaleza.<\/p>","protected":false},"excerpt":{"rendered":"<p>Dobrodo\u0161li u N&amp;D Management! Ovi uvjeti i odredbe opisuju pravila i propise za kori\u0161tenje NIKO &amp; Web stranici DUJE MANAGEMENT [&hellip;]<\/p>\n","protected":false},"author":1,"featured_media":0,"parent":0,"menu_order":0,"comment_status":"closed","ping_status":"closed","template":"","meta":{"site-sidebar-layout":"no-sidebar","site-content-layout":"","ast-site-content-layout":"normal-width-container","site-content-style":"default","site-sidebar-style":"default","ast-global-header-display":"","ast-banner-title-visibility":"","ast-main-header-display":"","ast-hfb-above-header-display":"","ast-hfb-below-header-display":"","ast-hfb-mobile-header-display":"","site-post-title":"","ast-breadcrumbs-content":"","ast-featured-img":"","footer-sml-layout":"","ast-disable-related-posts":"","theme-transparent-header-meta":"","adv-header-id-meta":"","stick-header-meta":"","header-above-stick-meta":"","header-main-stick-meta":"","header-below-stick-meta":"","astra-migrate-meta-layouts":"default","ast-page-background-enabled":"default","ast-page-background-meta":{"desktop":{"background-color":"var(--ast-global-color-4)","background-image":"","background-repeat":"repeat","background-position":"center center","background-size":"auto","background-attachment":"scroll","background-type":"","background-media":"","overlay-type":"","overlay-color":"","overlay-opacity":"","overlay-gradient":""},"tablet":{"background-color":"","background-image":"","background-repeat":"repeat","background-position":"center center","background-size":"auto","background-attachment":"scroll","background-type":"","background-media":"","overlay-type":"","overlay-color":"","overlay-opacity":"","overlay-gradient":""},"mobile":{"background-color":"","background-image":"","background-repeat":"repeat","background-position":"center center","background-size":"auto","background-attachment":"scroll","background-type":"","background-media":"","overlay-type":"","overlay-color":"","overlay-opacity":"","overlay-gradient":""}},"ast-content-background-meta":{"desktop":{"background-color":"var(--ast-global-color-5)","background-image":"","background-repeat":"repeat","background-position":"center center","background-size":"auto","background-attachment":"scroll","background-type":"","background-media":"","overlay-type":"","overlay-color":"","overlay-opacity":"","overlay-gradient":""},"tablet":{"background-color":"var(--ast-global-color-5)","background-image":"","background-repeat":"repeat","background-position":"center center","background-size":"auto","background-attachment":"scroll","background-type":"","background-media":"","overlay-type":"","overlay-color":"","overlay-opacity":"","overlay-gradient":""},"mobile":{"background-color":"var(--ast-global-color-5)","background-image":"","background-repeat":"repeat","background-position":"center center","background-size":"auto","background-attachment":"scroll","background-type":"","background-media":"","overlay-type":"","overlay-color":"","overlay-opacity":"","overlay-gradient":""}},"footnotes":""},"class_list":["post-2583","page","type-page","status-publish","hentry"],"yoast_head":"<!-- This site is optimized with the Yoast SEO plugin v27.4 - https:\/\/yoast.com\/product\/yoast-seo-wordpress\/ -->\n<title>Odredbe i uvjeti - ND Managment<\/title>\n<meta name=\"robots\" content=\"noindex, follow\" \/>\n<meta property=\"og:locale\" content=\"es_ES\" \/>\n<meta property=\"og:type\" content=\"article\" \/>\n<meta property=\"og:title\" content=\"Odredbe i uvjeti - ND Managment\" \/>\n<meta property=\"og:description\" content=\"Dobrodo\u0161li u N&amp;D Management! Ovi uvjeti i odredbe opisuju pravila i propise za kori\u0161tenje NIKO &amp; Web stranici DUJE MANAGEMENT [&hellip;]\" \/>\n<meta property=\"og:url\" content=\"https:\/\/ndm.hr\/es\/terminos-y-condiciones\/\" \/>\n<meta property=\"og:site_name\" content=\"ND Managment\" \/>\n<meta property=\"article:modified_time\" content=\"2024-06-08T14:16:44+00:00\" \/>\n<meta name=\"twitter:card\" content=\"summary_large_image\" \/>\n<meta name=\"twitter:label1\" content=\"Tiempo de lectura\" \/>\n\t<meta name=\"twitter:data1\" content=\"8 minutos\" \/>\n<script type=\"application\/ld+json\" class=\"yoast-schema-graph\">{\"@context\":\"https:\\\/\\\/schema.org\",\"@graph\":[{\"@type\":\"WebPage\",\"@id\":\"https:\\\/\\\/ndm.hr\\\/odredbe-i-uvjeti\\\/\",\"url\":\"https:\\\/\\\/ndm.hr\\\/odredbe-i-uvjeti\\\/\",\"name\":\"Odredbe i uvjeti - ND Managment\",\"isPartOf\":{\"@id\":\"https:\\\/\\\/ndm.hr\\\/#website\"},\"datePublished\":\"2024-06-08T14:15:14+00:00\",\"dateModified\":\"2024-06-08T14:16:44+00:00\",\"breadcrumb\":{\"@id\":\"https:\\\/\\\/ndm.hr\\\/odredbe-i-uvjeti\\\/#breadcrumb\"},\"inLanguage\":\"es\",\"potentialAction\":[{\"@type\":\"ReadAction\",\"target\":[\"https:\\\/\\\/ndm.hr\\\/odredbe-i-uvjeti\\\/\"]}]},{\"@type\":\"BreadcrumbList\",\"@id\":\"https:\\\/\\\/ndm.hr\\\/odredbe-i-uvjeti\\\/#breadcrumb\",\"itemListElement\":[{\"@type\":\"ListItem\",\"position\":1,\"name\":\"Home\",\"item\":\"https:\\\/\\\/ndm.hr\\\/\"},{\"@type\":\"ListItem\",\"position\":2,\"name\":\"Odredbe i uvjeti\"}]},{\"@type\":\"WebSite\",\"@id\":\"https:\\\/\\\/ndm.hr\\\/#website\",\"url\":\"https:\\\/\\\/ndm.hr\\\/\",\"name\":\"ND Managment\",\"description\":\"Brza opskrba za va\u0161e brodove\",\"potentialAction\":[{\"@type\":\"SearchAction\",\"target\":{\"@type\":\"EntryPoint\",\"urlTemplate\":\"https:\\\/\\\/ndm.hr\\\/?s={search_term_string}\"},\"query-input\":{\"@type\":\"PropertyValueSpecification\",\"valueRequired\":true,\"valueName\":\"search_term_string\"}}],\"inLanguage\":\"es\"}]}<\/script>\n<!-- \/ Yoast SEO plugin. -->","yoast_head_json":{"title":"T\u00e9rminos y condiciones - ND Gesti\u00f3n","robots":{"index":"noindex","follow":"follow"},"og_locale":"es_ES","og_type":"article","og_title":"Odredbe i uvjeti - ND Managment","og_description":"Dobrodo\u0161li u N&amp;D Management! Ovi uvjeti i odredbe opisuju pravila i propise za kori\u0161tenje NIKO &amp; Web stranici DUJE MANAGEMENT [&hellip;]","og_url":"https:\/\/ndm.hr\/es\/terminos-y-condiciones\/","og_site_name":"ND Managment","article_modified_time":"2024-06-08T14:16:44+00:00","twitter_card":"summary_large_image","twitter_misc":{"Tiempo de lectura":"8 minutos"},"schema":{"@context":"https:\/\/schema.org","@graph":[{"@type":"WebPage","@id":"https:\/\/ndm.hr\/odredbe-i-uvjeti\/","url":"https:\/\/ndm.hr\/odredbe-i-uvjeti\/","name":"T\u00e9rminos y condiciones - ND Gesti\u00f3n","isPartOf":{"@id":"https:\/\/ndm.hr\/#website"},"datePublished":"2024-06-08T14:15:14+00:00","dateModified":"2024-06-08T14:16:44+00:00","breadcrumb":{"@id":"https:\/\/ndm.hr\/odredbe-i-uvjeti\/#breadcrumb"},"inLanguage":"es","potentialAction":[{"@type":"ReadAction","target":["https:\/\/ndm.hr\/odredbe-i-uvjeti\/"]}]},{"@type":"BreadcrumbList","@id":"https:\/\/ndm.hr\/odredbe-i-uvjeti\/#breadcrumb","itemListElement":[{"@type":"ListItem","position":1,"name":"Home","item":"https:\/\/ndm.hr\/"},{"@type":"ListItem","position":2,"name":"Odredbe i uvjeti"}]},{"@type":"WebSite","@id":"https:\/\/ndm.hr\/#website","url":"https:\/\/ndm.hr\/","name":"Gesti\u00f3n de ND","description":"Suministro r\u00e1pido para sus barcos","potentialAction":[{"@type":"SearchAction","target":{"@type":"EntryPoint","urlTemplate":"https:\/\/ndm.hr\/?s={search_term_string}"},"query-input":{"@type":"PropertyValueSpecification","valueRequired":true,"valueName":"search_term_string"}}],"inLanguage":"es"}]}},"_links":{"self":[{"href":"https:\/\/ndm.hr\/es\/wp-json\/wp\/v2\/pages\/2583","targetHints":{"allow":["GET"]}}],"collection":[{"href":"https:\/\/ndm.hr\/es\/wp-json\/wp\/v2\/pages"}],"about":[{"href":"https:\/\/ndm.hr\/es\/wp-json\/wp\/v2\/types\/page"}],"author":[{"embeddable":true,"href":"https:\/\/ndm.hr\/es\/wp-json\/wp\/v2\/users\/1"}],"replies":[{"embeddable":true,"href":"https:\/\/ndm.hr\/es\/wp-json\/wp\/v2\/comments?post=2583"}],"version-history":[{"count":2,"href":"https:\/\/ndm.hr\/es\/wp-json\/wp\/v2\/pages\/2583\/revisions"}],"predecessor-version":[{"id":2586,"href":"https:\/\/ndm.hr\/es\/wp-json\/wp\/v2\/pages\/2583\/revisions\/2586"}],"wp:attachment":[{"href":"https:\/\/ndm.hr\/es\/wp-json\/wp\/v2\/media?parent=2583"}],"curies":[{"name":"wp","href":"https:\/\/api.w.org\/{rel}","templated":true}]}}