{"id":2583,"date":"2024-06-08T16:15:14","date_gmt":"2024-06-08T14:15:14","guid":{"rendered":"https:\/\/ndm.hr\/?page_id=2583"},"modified":"2024-06-08T16:16:44","modified_gmt":"2024-06-08T14:16:44","slug":"odredbe-i-uvjeti","status":"publish","type":"page","link":"https:\/\/ndm.hr\/de\/geschaftsbedingungen\/","title":{"rendered":"Gesch\u00e4ftsbedingungen"},"content":{"rendered":"<p>Willkommen bei N&amp;D Management!<\/p>\n\n\n\n<p>Diese Allgemeinen Gesch\u00e4ftsbedingungen beschreiben die Regeln und Vorschriften f\u00fcr die Nutzung der Website von NIKO &amp; DUJE MANAGEMENT jd unter https:\/\/ndm.hr\/.<\/p>\n\n\n\n<p>Mit dem Zugriff auf diese Website gehen wir davon aus, dass Sie diese Allgemeinen Gesch\u00e4ftsbedingungen akzeptieren. Bitte nutzen Sie N&amp;D Management nicht weiter, wenn Sie nicht alle auf dieser Seite aufgef\u00fchrten Gesch\u00e4ftsbedingungen akzeptieren.<\/p>\n\n\n\n<p>F\u00fcr diese Allgemeinen Gesch\u00e4ftsbedingungen, die Datenschutzerkl\u00e4rung und den Haftungsausschluss sowie alle Vereinbarungen gilt die folgende Terminologie: \u201eKunde\u201c, \u201eSie\u201c und \u201eIhr\u201c bezieht sich auf Sie, die Person, die sich auf dieser Website anmeldet, und zwar in \u00dcbereinstimmung mit den Allgemeinen Gesch\u00e4ftsbedingungen von das Unternehmen. \u201eUnternehmen\u201c, \u201eWir\u201c, \u201eUns\u201c, \u201eUnser\u201c und \u201eUns\u201c beziehen sich auf unser Unternehmen. \u201ePartei\u201c, \u201eParteien\u201c oder \u201ewir\u201c bezieht sich sowohl auf den Kunden als auch auf uns. Alle Bedingungen beziehen sich auf das Angebot, die Annahme und die Gegenleistung f\u00fcr die Zahlung, die erforderlich ist, um den Prozess unserer Unterst\u00fctzung f\u00fcr den Kunden auf die am besten geeignete Weise durchzuf\u00fchren, mit dem ausdr\u00fccklichen Zweck, die Bed\u00fcrfnisse des Kunden hinsichtlich der Bereitstellung der oben genannten Dienstleistungen des Unternehmens gem\u00e4\u00df zu erf\u00fcllen mit dem geltenden Recht der Tschechischen Republik. Jegliche Verwendung der oben genannten Terminologie oder anderer W\u00f6rter im Singular, Plural, in Gro\u00df- und Kleinschreibung und\/oder er\/sie oder sie gelten als austauschbar und beziehen sich daher auf dasselbe.<\/p>\n\n\n\n<h3 class=\"wp-block-heading\"><strong>Kekse<\/strong><\/h3>\n\n\n\n<p>Wir verwenden Cookies. Durch den Zugriff auf N&amp;D Management stimmen Sie der Verwendung von Cookies in \u00dcbereinstimmung mit NIKO und der Datenschutzrichtlinie von DUJE MANAGEMENT jd zu.<\/p>\n\n\n\n<p>Die meisten interaktiven Websites verwenden Cookies, damit wir bei jedem Besuch Benutzerinformationen abrufen k\u00f6nnen. Unsere Website verwendet Cookies, um die Funktionalit\u00e4t bestimmter Bereiche zu erm\u00f6glichen und den Besuchern den Besuch unserer Website zu erleichtern. Einige unserer Affiliate-\/Werbepartner verwenden m\u00f6glicherweise auch Cookies.<\/p>\n\n\n\n<h3 class=\"wp-block-heading\"><strong>Lizenz<\/strong><\/h3>\n\n\n\n<p>Sofern nicht anders angegeben, besitzen NIKO &amp; DUJE MANAGEMENT jd und\/oder seine Lizenzgeber die geistigen Eigentumsrechte f\u00fcr s\u00e4mtliches Material auf N&amp;D Management. Alle geistigen Eigentumsrechte bleiben vorbehalten. Sie k\u00f6nnen \u00fcber N&amp;D Management f\u00fcr Ihren pers\u00f6nlichen Gebrauch darauf zugreifen, vorbehaltlich der in diesen Allgemeinen Gesch\u00e4ftsbedingungen dargelegten Einschr\u00e4nkungen.<\/p>\n\n\n\n<p>Du darfst nicht:<\/p>\n\n\n\n<ul class=\"wp-block-list\">\n<li>Ver\u00f6ffentlichen Sie Material von N&amp;D Management erneut<\/li>\n\n\n\n<li>Verkaufen, vermieten oder unterlizenzieren Sie Material von N&amp;D Management<\/li>\n\n\n\n<li>Reproduzieren, duplizieren oder kopieren Sie Material von N&amp;D Management<\/li>\n\n\n\n<li>Verteilen Sie Inhalte von N&amp;D Management weiter<\/li>\n<\/ul>\n\n\n\n<p>Diese Vereinbarung tritt an diesem Datum in Kraft. <\/p>\n\n\n\n<p>Teile dieser Website bieten Benutzern die M\u00f6glichkeit, in bestimmten Bereichen der Website Meinungen und Informationen zu ver\u00f6ffentlichen und auszutauschen. NIKO &amp; DUJE MANAGEMENT jd filtert, bearbeitet, ver\u00f6ffentlicht oder \u00fcberpr\u00fcft Kommentare nicht, bevor sie auf der Website erscheinen. Kommentare spiegeln nicht die Ansichten und Meinungen von NIKO &amp; DUJE MANAGEMENT jd, seinen Vertretern und\/oder verbundenen Unternehmen wider. Kommentare spiegeln die Ansichten und Meinungen der Person wider, die ihre Ansichten und Meinungen ver\u00f6ffentlicht. Soweit gesetzlich zul\u00e4ssig, haftet NIKO &amp; DUJE MANAGEMENT jd nicht f\u00fcr Kommentare oder f\u00fcr jegliche Haftung, Sch\u00e4den oder Kosten, die durch die Nutzung und\/oder Ver\u00f6ffentlichung und\/oder das Erscheinen von Kommentaren dazu entstehen und\/oder entstehen Webseite.<\/p>\n\n\n\n<p>NIKO &amp; DUJE MANAGEMENT jd beh\u00e4lt sich das Recht vor, alle Kommentare zu \u00fcberwachen und alle Kommentare zu entfernen, die als unangemessen oder beleidigend angesehen werden oder einen Versto\u00df gegen diese Bedingungen darstellen k\u00f6nnten.<\/p>\n\n\n\n<p>Sie gew\u00e4hrleisten und sichern zu, dass:<\/p>\n\n\n\n<ul class=\"wp-block-list\">\n<li>Sie haben das Recht, Kommentare auf unserer Website zu ver\u00f6ffentlichen und verf\u00fcgen \u00fcber alle daf\u00fcr erforderlichen Lizenzen und Einwilligungen;<\/li>\n\n\n\n<li>Die Kommentare verletzen keine geistigen Eigentumsrechte, einschlie\u00dflich, aber nicht beschr\u00e4nkt auf, das Urheberrecht, Patent oder Warenzeichen Dritter;<\/li>\n\n\n\n<li>Kommentare enthalten kein beleidigendes, diffamierendes, beleidigendes, obsz\u00f6nes oder anderweitig rechtswidriges Material, das einen Eingriff in die Privatsph\u00e4re darstellt<\/li>\n\n\n\n<li>Kommentare d\u00fcrfen nicht dazu verwendet werden, Gesch\u00e4fte oder Praktiken anzupreisen oder zu f\u00f6rdern oder kommerzielle oder illegale Aktivit\u00e4ten darzustellen.<\/li>\n<\/ul>\n\n\n\n<p>Hiermit gew\u00e4hren Sie NIKO &amp; DUJE MANAGEMENT jd eine nicht-exklusive Lizenz zur Nutzung, Vervielf\u00e4ltigung, Bearbeitung und erm\u00e4chtigen andere zur Nutzung, Vervielf\u00e4ltigung und Bearbeitung Ihrer Kommentare in allen Formen, Formaten und Medien.<\/p>\n\n\n\n<h3 class=\"wp-block-heading\"><strong>Hyperlink zu unseren Inhalten<\/strong><\/h3>\n\n\n\n<p>Die folgenden Organisationen d\u00fcrfen ohne vorherige schriftliche Genehmigung auf unsere Website verlinken:<\/p>\n\n\n\n<ul class=\"wp-block-list\">\n<li>Regierungsbeh\u00f6rden;<\/li>\n\n\n\n<li>Suchmaschinen;<\/li>\n\n\n\n<li>Zeitungsorganisationen;<\/li>\n\n\n\n<li>Anbieter von Internetverzeichnissen k\u00f6nnen auf die gleiche Weise auf unsere Website verlinken wie auf die Websites anderer aufgef\u00fchrter Unternehmen. Und<\/li>\n\n\n\n<li>Akkreditierte Unternehmen im gesamten System, mit Ausnahme von gemeinn\u00fctzigen Sammelorganisationen, Einkaufszentren f\u00fcr wohlt\u00e4tige Zwecke und gemeinn\u00fctzigen Spendengruppen, die m\u00f6glicherweise keinen Hyperlink zu unserer Website haben.<\/li>\n<\/ul>\n\n\n\n<p>Diese Organisationen d\u00fcrfen auf unsere Homepage, Ver\u00f6ffentlichungen oder andere Informationen auf der Website verlinken, sofern der Link: (a) in keiner Weise irref\u00fchrend ist; (b) bedeutet nicht, dass der Link und seine Produkte und\/oder Dienstleistungen falsch gesponsert, bef\u00fcrwortet oder genehmigt werden; und (c) in den Kontext der verlinkten Seite passt.<\/p>\n\n\n\n<p>Wir k\u00f6nnen andere Anfragen zur Verbindung der folgenden Arten von Organisationen pr\u00fcfen und genehmigen:<\/p>\n\n\n\n<ul class=\"wp-block-list\">\n<li>allgemein bekannte Informationsquellen f\u00fcr Verbraucher und\/oder Unternehmen;<\/li>\n\n\n\n<li>dot.com-Community-Sites;<\/li>\n\n\n\n<li>Vereine oder andere Gruppierungen, die gemeinn\u00fctzige Organisationen vertreten;<\/li>\n\n\n\n<li>Online-Verteiler von Verzeichnissen;<\/li>\n\n\n\n<li>Internetportale;<\/li>\n\n\n\n<li>Buchhaltungs-, Rechts- und Beratungsfirmen; Und<\/li>\n\n\n\n<li>Bildungseinrichtungen und Berufsverb\u00e4nde.<\/li>\n<\/ul>\n\n\n\n<p>Wir genehmigen Verkn\u00fcpfungsanfragen dieser Organisationen, wenn wir feststellen, dass: (a) die Verkn\u00fcpfung nicht dazu f\u00fchrt, dass wir oder unsere akkreditierten Unternehmen in einem schlechten Licht erscheinen; (b) die Organisation hat keine negativen Aufzeichnungen bei uns; (c) der Nutzen, den wir aus der Sichtbarkeit des Hyperlinks ziehen, gleicht das Fehlen von NIKO &amp; DUJE MANAGEMENT jd aus; und (d) der Link steht im Zusammenhang mit allgemeinen Informationen \u00fcber die Quelle.<\/p>\n\n\n\n<p>Diese Organisationen d\u00fcrfen auf unsere Homepage verlinken, sofern der Link: (a) in keiner Weise irref\u00fchrend ist; (b) bedeutet nicht, dass der Link und seine Produkte oder Dienstleistungen falsch gesponsert, bef\u00fcrwortet oder genehmigt werden; und (c) in den Kontext der verlinkten Seite passt.<\/p>\n\n\n\n<p>Wenn Sie eine der in Absatz 2 oben aufgef\u00fchrten Organisationen sind und an einer Verlinkung auf unsere Website interessiert sind, m\u00fcssen Sie uns dies per E-Mail an NIKO &amp; DUJE MANAGEMENT jd mitteilen. Geben Sie dabei Ihren Namen, den Namen Ihrer Organisation und Kontaktinformationen an sowie die URL Ihrer Website, eine Liste aller URLs, von denen aus Sie auf unsere Website verlinken m\u00f6chten, und eine Liste der URLs auf unserer Website, auf die verlinkt werden soll. Bitte erlauben Sie 2-3 Wochen f\u00fcr eine Antwort.<\/p>\n\n\n\n<p>Zugelassene Organisationen k\u00f6nnen wie folgt auf unsere Website verlinken:<\/p>\n\n\n\n<ul class=\"wp-block-list\">\n<li>Durch die Verwendung unseres Firmennamens; oder<\/li>\n\n\n\n<li>Durch Verwendung des eindeutigen Locators der Ressource, mit der sie verkn\u00fcpft ist; oder<\/li>\n\n\n\n<li>Durch die Verwendung einer anderen Beschreibung unserer verlinkten Website, die im Kontext und Format des Inhalts der verlinkten Website sinnvoll ist.<\/li>\n<\/ul>\n\n\n\n<p>Ohne eine Markenlizenzvereinbarung ist die Verwendung des NIKO &amp; DUJE MANAGEMENT jd-Logos oder anderer Grafiken f\u00fcr die Verlinkung nicht gestattet.<\/p>\n\n\n\n<h3 class=\"wp-block-heading\"><strong>iFrames<\/strong><\/h3>\n\n\n\n<p>Ohne vorherige Genehmigung und schriftliche Genehmigung d\u00fcrfen Sie keine Frames um unsere Webseiten herum erstellen, die in irgendeiner Weise die visuelle Darstellung oder das Erscheinungsbild unserer Webseiten ver\u00e4ndern.<\/p>\n\n\n\n<h3 class=\"wp-block-heading\"><strong>Verantwortlichkeit f\u00fcr den Inhalt<\/strong><\/h3>\n\n\n\n<p>Wir \u00fcbernehmen keine Verantwortung f\u00fcr Inhalte, die auf Ihrer Website erscheinen. Sie erkl\u00e4ren sich damit einverstanden, uns von allen Anspr\u00fcchen freizustellen und zu verteidigen, die auf Ihrer Website erscheinen. Auf einer Website d\u00fcrfen keine Links erscheinen, die als verleumderisch, obsz\u00f6n oder kriminell ausgelegt werden k\u00f6nnten oder die die Rechte Dritter verletzen, anderweitig verletzen oder deren Verletzung oder sonstige Verletzung bef\u00fcrworten.<\/p>\n\n\n\n<h3 class=\"wp-block-heading\"><strong>Rechtsvorbehalt<\/strong><\/h3>\n\n\n\n<p>Wir behalten uns das Recht vor, Sie aufzufordern, alle oder bestimmte Links zu unserer Website zu entfernen. Sie stimmen der sofortigen Entfernung aller Links zu unserer Website auf Anfrage zu. Wir behalten uns au\u00dferdem das Recht vor, diese Allgemeinen Gesch\u00e4ftsbedingungen jederzeit zu \u00e4ndern. Indem Sie weiterhin eine Verbindung zu unserer Website herstellen, akzeptieren Sie diese Verlinkungsbedingungen und befolgen diese.<\/p>\n\n\n\n<h3 class=\"wp-block-heading\"><strong>Entfernung von Links von unserer Website<\/strong><\/h3>\n\n\n\n<p>Sollten Sie aus irgendeinem Grund einen Link auf unserer Website als anst\u00f6\u00dfig empfinden, k\u00f6nnen Sie uns jederzeit kontaktieren und uns dies mitteilen. Wir werden Anfragen zur Entfernung von Links ber\u00fccksichtigen, sind jedoch nicht verpflichtet, Ihnen direkt zu antworten.<\/p>\n\n\n\n<p>Wir \u00fcbernehmen keine Gew\u00e4hr f\u00fcr die Richtigkeit der Informationen auf dieser Website, wir \u00fcbernehmen keine Gew\u00e4hr f\u00fcr deren Vollst\u00e4ndigkeit oder Richtigkeit; Wir versprechen auch nicht, sicherzustellen, dass die Website verf\u00fcgbar bleibt oder dass das Material auf der Website aktualisiert wird.<\/p>\n\n\n\n<h3 class=\"wp-block-heading\"><strong>Verzicht<\/strong><\/h3>\n\n\n\n<p>Soweit gesetzlich zul\u00e4ssig, schlie\u00dfen wir alle Zusicherungen, Gew\u00e4hrleistungen und Bedingungen im Zusammenhang mit unserer Website und der Nutzung dieser Website aus. Nichts in diesem Haftungsausschluss soll:<\/p>\n\n\n\n<ul class=\"wp-block-list\">\n<li>unsere oder Ihre Haftung f\u00fcr Tod oder K\u00f6rperverletzung einzuschr\u00e4nken oder auszuschlie\u00dfen;<\/li>\n\n\n\n<li>unsere oder Ihre Haftung f\u00fcr Betrug oder Falschdarstellung einzuschr\u00e4nken oder auszuschlie\u00dfen;<\/li>\n\n\n\n<li>Beschr\u00e4nken Sie unsere oder Ihre Haftung auf eine Weise, die nach geltendem Recht nicht zul\u00e4ssig ist. oder<\/li>\n\n\n\n<li>schlie\u00dfen Sie jegliche Haftung von uns oder Ihnen aus, die nach geltendem Recht nicht ausgeschlossen werden kann.<\/li>\n<\/ul>\n\n\n\n<p>Die in diesem Abschnitt und an anderer Stelle in diesem Haftungsausschluss dargelegten Haftungsbeschr\u00e4nkungen und -ausschl\u00fcsse: (a) unterliegen dem vorstehenden Absatz; und (b) alle Haftungen regeln, die sich aus dem Haftungsausschluss ergeben, einschlie\u00dflich der Haftung aus Vertrag, unerlaubter Handlung und Verletzung gesetzlicher Pflichten.<\/p>\n\n\n\n<p>Solange die Website sowie die darauf angebotenen Informationen und Dienste kostenfrei zur Verf\u00fcgung gestellt werden, haften wir nicht f\u00fcr Verluste oder Sch\u00e4den jeglicher Art.<\/p>","protected":false},"excerpt":{"rendered":"<p>Dobrodo\u0161li u N&amp;D Management! Ovi uvjeti i odredbe opisuju pravila i propise za kori\u0161tenje NIKO &amp; Web stranici DUJE MANAGEMENT [&hellip;]<\/p>\n","protected":false},"author":1,"featured_media":0,"parent":0,"menu_order":0,"comment_status":"closed","ping_status":"closed","template":"","meta":{"site-sidebar-layout":"no-sidebar","site-content-layout":"","ast-site-content-layout":"normal-width-container","site-content-style":"default","site-sidebar-style":"default","ast-global-header-display":"","ast-banner-title-visibility":"","ast-main-header-display":"","ast-hfb-above-header-display":"","ast-hfb-below-header-display":"","ast-hfb-mobile-header-display":"","site-post-title":"","ast-breadcrumbs-content":"","ast-featured-img":"","footer-sml-layout":"","ast-disable-related-posts":"","theme-transparent-header-meta":"","adv-header-id-meta":"","stick-header-meta":"","header-above-stick-meta":"","header-main-stick-meta":"","header-below-stick-meta":"","astra-migrate-meta-layouts":"default","ast-page-background-enabled":"default","ast-page-background-meta":{"desktop":{"background-color":"var(--ast-global-color-4)","background-image":"","background-repeat":"repeat","background-position":"center center","background-size":"auto","background-attachment":"scroll","background-type":"","background-media":"","overlay-type":"","overlay-color":"","overlay-opacity":"","overlay-gradient":""},"tablet":{"background-color":"","background-image":"","background-repeat":"repeat","background-position":"center center","background-size":"auto","background-attachment":"scroll","background-type":"","background-media":"","overlay-type":"","overlay-color":"","overlay-opacity":"","overlay-gradient":""},"mobile":{"background-color":"","background-image":"","background-repeat":"repeat","background-position":"center center","background-size":"auto","background-attachment":"scroll","background-type":"","background-media":"","overlay-type":"","overlay-color":"","overlay-opacity":"","overlay-gradient":""}},"ast-content-background-meta":{"desktop":{"background-color":"var(--ast-global-color-5)","background-image":"","background-repeat":"repeat","background-position":"center center","background-size":"auto","background-attachment":"scroll","background-type":"","background-media":"","overlay-type":"","overlay-color":"","overlay-opacity":"","overlay-gradient":""},"tablet":{"background-color":"var(--ast-global-color-5)","background-image":"","background-repeat":"repeat","background-position":"center center","background-size":"auto","background-attachment":"scroll","background-type":"","background-media":"","overlay-type":"","overlay-color":"","overlay-opacity":"","overlay-gradient":""},"mobile":{"background-color":"var(--ast-global-color-5)","background-image":"","background-repeat":"repeat","background-position":"center center","background-size":"auto","background-attachment":"scroll","background-type":"","background-media":"","overlay-type":"","overlay-color":"","overlay-opacity":"","overlay-gradient":""}},"footnotes":""},"class_list":["post-2583","page","type-page","status-publish","hentry"],"yoast_head":"<!-- This site is optimized with the Yoast SEO plugin v27.4 - https:\/\/yoast.com\/product\/yoast-seo-wordpress\/ -->\n<title>Odredbe i uvjeti - ND Managment<\/title>\n<meta name=\"robots\" content=\"noindex, follow\" \/>\n<meta property=\"og:locale\" content=\"de_DE\" \/>\n<meta property=\"og:type\" content=\"article\" \/>\n<meta property=\"og:title\" content=\"Odredbe i uvjeti - ND Managment\" \/>\n<meta property=\"og:description\" content=\"Dobrodo\u0161li u N&amp;D Management! Ovi uvjeti i odredbe opisuju pravila i propise za kori\u0161tenje NIKO &amp; Web stranici DUJE MANAGEMENT [&hellip;]\" \/>\n<meta property=\"og:url\" content=\"https:\/\/ndm.hr\/de\/geschaftsbedingungen\/\" \/>\n<meta property=\"og:site_name\" content=\"ND Managment\" \/>\n<meta property=\"article:modified_time\" content=\"2024-06-08T14:16:44+00:00\" \/>\n<meta name=\"twitter:card\" content=\"summary_large_image\" \/>\n<meta name=\"twitter:label1\" content=\"Gesch\u00e4tzte Lesezeit\" \/>\n\t<meta name=\"twitter:data1\" content=\"8\u00a0Minuten\" \/>\n<script type=\"application\/ld+json\" class=\"yoast-schema-graph\">{\"@context\":\"https:\\\/\\\/schema.org\",\"@graph\":[{\"@type\":\"WebPage\",\"@id\":\"https:\\\/\\\/ndm.hr\\\/odredbe-i-uvjeti\\\/\",\"url\":\"https:\\\/\\\/ndm.hr\\\/odredbe-i-uvjeti\\\/\",\"name\":\"Odredbe i uvjeti - ND Managment\",\"isPartOf\":{\"@id\":\"https:\\\/\\\/ndm.hr\\\/#website\"},\"datePublished\":\"2024-06-08T14:15:14+00:00\",\"dateModified\":\"2024-06-08T14:16:44+00:00\",\"breadcrumb\":{\"@id\":\"https:\\\/\\\/ndm.hr\\\/odredbe-i-uvjeti\\\/#breadcrumb\"},\"inLanguage\":\"de\",\"potentialAction\":[{\"@type\":\"ReadAction\",\"target\":[\"https:\\\/\\\/ndm.hr\\\/odredbe-i-uvjeti\\\/\"]}]},{\"@type\":\"BreadcrumbList\",\"@id\":\"https:\\\/\\\/ndm.hr\\\/odredbe-i-uvjeti\\\/#breadcrumb\",\"itemListElement\":[{\"@type\":\"ListItem\",\"position\":1,\"name\":\"Home\",\"item\":\"https:\\\/\\\/ndm.hr\\\/\"},{\"@type\":\"ListItem\",\"position\":2,\"name\":\"Odredbe i uvjeti\"}]},{\"@type\":\"WebSite\",\"@id\":\"https:\\\/\\\/ndm.hr\\\/#website\",\"url\":\"https:\\\/\\\/ndm.hr\\\/\",\"name\":\"ND Managment\",\"description\":\"Brza opskrba za va\u0161e brodove\",\"potentialAction\":[{\"@type\":\"SearchAction\",\"target\":{\"@type\":\"EntryPoint\",\"urlTemplate\":\"https:\\\/\\\/ndm.hr\\\/?s={search_term_string}\"},\"query-input\":{\"@type\":\"PropertyValueSpecification\",\"valueRequired\":true,\"valueName\":\"search_term_string\"}}],\"inLanguage\":\"de\"}]}<\/script>\n<!-- \/ Yoast SEO plugin. -->","yoast_head_json":{"title":"Allgemeine Gesch\u00e4ftsbedingungen - ND Management","robots":{"index":"noindex","follow":"follow"},"og_locale":"de_DE","og_type":"article","og_title":"Odredbe i uvjeti - ND Managment","og_description":"Dobrodo\u0161li u N&amp;D Management! Ovi uvjeti i odredbe opisuju pravila i propise za kori\u0161tenje NIKO &amp; Web stranici DUJE MANAGEMENT [&hellip;]","og_url":"https:\/\/ndm.hr\/de\/geschaftsbedingungen\/","og_site_name":"ND Managment","article_modified_time":"2024-06-08T14:16:44+00:00","twitter_card":"summary_large_image","twitter_misc":{"Gesch\u00e4tzte Lesezeit":"8\u00a0Minuten"},"schema":{"@context":"https:\/\/schema.org","@graph":[{"@type":"WebPage","@id":"https:\/\/ndm.hr\/odredbe-i-uvjeti\/","url":"https:\/\/ndm.hr\/odredbe-i-uvjeti\/","name":"Allgemeine Gesch\u00e4ftsbedingungen - ND Management","isPartOf":{"@id":"https:\/\/ndm.hr\/#website"},"datePublished":"2024-06-08T14:15:14+00:00","dateModified":"2024-06-08T14:16:44+00:00","breadcrumb":{"@id":"https:\/\/ndm.hr\/odredbe-i-uvjeti\/#breadcrumb"},"inLanguage":"de","potentialAction":[{"@type":"ReadAction","target":["https:\/\/ndm.hr\/odredbe-i-uvjeti\/"]}]},{"@type":"BreadcrumbList","@id":"https:\/\/ndm.hr\/odredbe-i-uvjeti\/#breadcrumb","itemListElement":[{"@type":"ListItem","position":1,"name":"Home","item":"https:\/\/ndm.hr\/"},{"@type":"ListItem","position":2,"name":"Odredbe i uvjeti"}]},{"@type":"WebSite","@id":"https:\/\/ndm.hr\/#website","url":"https:\/\/ndm.hr\/","name":"ND-Management","description":"Schnelle Versorgung Ihrer Schiffe","potentialAction":[{"@type":"SearchAction","target":{"@type":"EntryPoint","urlTemplate":"https:\/\/ndm.hr\/?s={search_term_string}"},"query-input":{"@type":"PropertyValueSpecification","valueRequired":true,"valueName":"search_term_string"}}],"inLanguage":"de"}]}},"_links":{"self":[{"href":"https:\/\/ndm.hr\/de\/wp-json\/wp\/v2\/pages\/2583","targetHints":{"allow":["GET"]}}],"collection":[{"href":"https:\/\/ndm.hr\/de\/wp-json\/wp\/v2\/pages"}],"about":[{"href":"https:\/\/ndm.hr\/de\/wp-json\/wp\/v2\/types\/page"}],"author":[{"embeddable":true,"href":"https:\/\/ndm.hr\/de\/wp-json\/wp\/v2\/users\/1"}],"replies":[{"embeddable":true,"href":"https:\/\/ndm.hr\/de\/wp-json\/wp\/v2\/comments?post=2583"}],"version-history":[{"count":2,"href":"https:\/\/ndm.hr\/de\/wp-json\/wp\/v2\/pages\/2583\/revisions"}],"predecessor-version":[{"id":2586,"href":"https:\/\/ndm.hr\/de\/wp-json\/wp\/v2\/pages\/2583\/revisions\/2586"}],"wp:attachment":[{"href":"https:\/\/ndm.hr\/de\/wp-json\/wp\/v2\/media?parent=2583"}],"curies":[{"name":"wp","href":"https:\/\/api.w.org\/{rel}","templated":true}]}}