{"id":2677,"date":"2024-06-15T17:21:05","date_gmt":"2024-06-15T15:21:05","guid":{"rendered":"https:\/\/ndm.hr\/?post_type=product&#038;p=2677"},"modified":"2024-06-15T17:21:05","modified_gmt":"2024-06-15T15:21:05","slug":"kruska-abata-1kg","status":"publish","type":"product","link":"https:\/\/ndm.hr\/cs\/product\/hruska-abata-1kg-2\/","title":{"rendered":"Hru\u0161ka abata 1kg"},"content":{"rendered":"","protected":false},"excerpt":{"rendered":"","protected":false},"featured_media":1915,"template":"","meta":{"site-sidebar-layout":"default","site-content-layout":"","ast-site-content-layout":"default","site-content-style":"default","site-sidebar-style":"default","ast-global-header-display":"","ast-banner-title-visibility":"","ast-main-header-display":"","ast-hfb-above-header-display":"","ast-hfb-below-header-display":"","ast-hfb-mobile-header-display":"","site-post-title":"","ast-breadcrumbs-content":"","ast-featured-img":"","footer-sml-layout":"","ast-disable-related-posts":"","theme-transparent-header-meta":"","adv-header-id-meta":"","stick-header-meta":"","header-above-stick-meta":"","header-main-stick-meta":"","header-below-stick-meta":"","astra-migrate-meta-layouts":"default","ast-page-background-enabled":"default","ast-page-background-meta":{"desktop":{"background-color":"var(--ast-global-color-4)","background-image":"","background-repeat":"repeat","background-position":"center center","background-size":"auto","background-attachment":"scroll","background-type":"","background-media":"","overlay-type":"","overlay-color":"","overlay-opacity":"","overlay-gradient":""},"tablet":{"background-color":"","background-image":"","background-repeat":"repeat","background-position":"center center","background-size":"auto","background-attachment":"scroll","background-type":"","background-media":"","overlay-type":"","overlay-color":"","overlay-opacity":"","overlay-gradient":""},"mobile":{"background-color":"","background-image":"","background-repeat":"repeat","background-position":"center center","background-size":"auto","background-attachment":"scroll","background-type":"","background-media":"","overlay-type":"","overlay-color":"","overlay-opacity":"","overlay-gradient":""}},"ast-content-background-meta":{"desktop":{"background-color":"var(--ast-global-color-5)","background-image":"","background-repeat":"repeat","background-position":"center center","background-size":"auto","background-attachment":"scroll","background-type":"","background-media":"","overlay-type":"","overlay-color":"","overlay-opacity":"","overlay-gradient":""},"tablet":{"background-color":"var(--ast-global-color-5)","background-image":"","background-repeat":"repeat","background-position":"center center","background-size":"auto","background-attachment":"scroll","background-type":"","background-media":"","overlay-type":"","overlay-color":"","overlay-opacity":"","overlay-gradient":""},"mobile":{"background-color":"var(--ast-global-color-5)","background-image":"","background-repeat":"repeat","background-position":"center center","background-size":"auto","background-attachment":"scroll","background-type":"","background-media":"","overlay-type":"","overlay-color":"","overlay-opacity":"","overlay-gradient":""}}},"product_brand":[],"product_cat":[71],"product_tag":[76],"class_list":{"0":"post-2677","1":"product","2":"type-product","3":"status-publish","4":"has-post-thumbnail","6":"product_cat-voce-i-povrce","7":"product_tag-voce","8":"desktop-align-left","9":"tablet-align-left","10":"mobile-align-left","11":"ast-product-gallery-layout-horizontal-slider","12":"ast-product-gallery-with-no-image","14":"first","15":"instock","16":"shipping-taxable","17":"purchasable","18":"product-type-simple"},"yoast_head":"<!-- This site is optimized with the Yoast SEO plugin v27.4 - https:\/\/yoast.com\/product\/yoast-seo-wordpress\/ -->\n<title>Kru\u0161ka Abata 1kg - ND Managment<\/title>\n<meta name=\"robots\" content=\"index, follow, max-snippet:-1, max-image-preview:large, max-video-preview:-1\" \/>\n<link rel=\"canonical\" href=\"https:\/\/ndm.hr\/cs\/izdelek\/hruska-abata-1kg-2\/\" \/>\n<meta property=\"og:locale\" content=\"cs_CZ\" \/>\n<meta property=\"og:type\" content=\"article\" \/>\n<meta property=\"og:title\" content=\"Kru\u0161ka Abata 1kg - ND Managment\" \/>\n<meta property=\"og:url\" content=\"https:\/\/ndm.hr\/cs\/izdelek\/hruska-abata-1kg-2\/\" \/>\n<meta property=\"og:site_name\" content=\"ND Managment\" \/>\n<meta property=\"og:image\" content=\"https:\/\/ndm.hr\/wp-content\/uploads\/2024\/06\/Kruska-Abata-1kg.jpg\" \/>\n\t<meta property=\"og:image:width\" content=\"550\" \/>\n\t<meta property=\"og:image:height\" content=\"550\" \/>\n\t<meta property=\"og:image:type\" content=\"image\/jpeg\" \/>\n<meta name=\"twitter:card\" content=\"summary_large_image\" \/>\n<script type=\"application\/ld+json\" class=\"yoast-schema-graph\">{\"@context\":\"https:\\\/\\\/schema.org\",\"@graph\":[{\"@type\":\"WebPage\",\"@id\":\"https:\\\/\\\/ndm.hr\\\/sl\\\/izdelek\\\/hruska-abata-1kg-2\\\/\",\"url\":\"https:\\\/\\\/ndm.hr\\\/sl\\\/izdelek\\\/hruska-abata-1kg-2\\\/\",\"name\":\"Kru\u0161ka Abata 1kg - ND Managment\",\"isPartOf\":{\"@id\":\"https:\\\/\\\/ndm.hr\\\/#website\"},\"primaryImageOfPage\":{\"@id\":\"https:\\\/\\\/ndm.hr\\\/sl\\\/izdelek\\\/hruska-abata-1kg-2\\\/#primaryimage\"},\"image\":{\"@id\":\"https:\\\/\\\/ndm.hr\\\/sl\\\/izdelek\\\/hruska-abata-1kg-2\\\/#primaryimage\"},\"thumbnailUrl\":\"https:\\\/\\\/ndm.hr\\\/wp-content\\\/uploads\\\/2024\\\/06\\\/Kruska-Abata-1kg.jpg\",\"datePublished\":\"2024-06-15T15:21:05+00:00\",\"breadcrumb\":{\"@id\":\"https:\\\/\\\/ndm.hr\\\/sl\\\/izdelek\\\/hruska-abata-1kg-2\\\/#breadcrumb\"},\"inLanguage\":\"cs-CZ\",\"potentialAction\":[{\"@type\":\"ReadAction\",\"target\":[\"https:\\\/\\\/ndm.hr\\\/sl\\\/izdelek\\\/hruska-abata-1kg-2\\\/\"]}]},{\"@type\":\"ImageObject\",\"inLanguage\":\"cs-CZ\",\"@id\":\"https:\\\/\\\/ndm.hr\\\/sl\\\/izdelek\\\/hruska-abata-1kg-2\\\/#primaryimage\",\"url\":\"https:\\\/\\\/ndm.hr\\\/wp-content\\\/uploads\\\/2024\\\/06\\\/Kruska-Abata-1kg.jpg\",\"contentUrl\":\"https:\\\/\\\/ndm.hr\\\/wp-content\\\/uploads\\\/2024\\\/06\\\/Kruska-Abata-1kg.jpg\",\"width\":550,\"height\":550},{\"@type\":\"BreadcrumbList\",\"@id\":\"https:\\\/\\\/ndm.hr\\\/sl\\\/izdelek\\\/hruska-abata-1kg-2\\\/#breadcrumb\",\"itemListElement\":[{\"@type\":\"ListItem\",\"position\":1,\"name\":\"Home\",\"item\":\"https:\\\/\\\/ndm.hr\\\/\"},{\"@type\":\"ListItem\",\"position\":2,\"name\":\"Katalog\",\"item\":\"https:\\\/\\\/ndm.hr\\\/katalog\\\/\"},{\"@type\":\"ListItem\",\"position\":3,\"name\":\"Kru\u0161ka Abata 1kg\"}]},{\"@type\":\"WebSite\",\"@id\":\"https:\\\/\\\/ndm.hr\\\/#website\",\"url\":\"https:\\\/\\\/ndm.hr\\\/\",\"name\":\"ND Managment\",\"description\":\"Brza opskrba za va\u0161e brodove\",\"potentialAction\":[{\"@type\":\"SearchAction\",\"target\":{\"@type\":\"EntryPoint\",\"urlTemplate\":\"https:\\\/\\\/ndm.hr\\\/?s={search_term_string}\"},\"query-input\":{\"@type\":\"PropertyValueSpecification\",\"valueRequired\":true,\"valueName\":\"search_term_string\"}}],\"inLanguage\":\"cs-CZ\"}]}<\/script>\n<!-- \/ Yoast SEO plugin. -->","yoast_head_json":{"title":"Hru\u0161ka abata 1kg - ND Management","robots":{"index":"index","follow":"follow","max-snippet":"max-snippet:-1","max-image-preview":"max-image-preview:large","max-video-preview":"max-video-preview:-1"},"canonical":"https:\/\/ndm.hr\/cs\/izdelek\/hruska-abata-1kg-2\/","og_locale":"cs_CZ","og_type":"article","og_title":"Kru\u0161ka Abata 1kg - ND Managment","og_url":"https:\/\/ndm.hr\/cs\/izdelek\/hruska-abata-1kg-2\/","og_site_name":"ND Managment","og_image":[{"width":550,"height":550,"url":"https:\/\/ndm.hr\/wp-content\/uploads\/2024\/06\/Kruska-Abata-1kg.jpg","type":"image\/jpeg"}],"twitter_card":"summary_large_image","schema":{"@context":"https:\/\/schema.org","@graph":[{"@type":"WebPage","@id":"https:\/\/ndm.hr\/sl\/izdelek\/hruska-abata-1kg-2\/","url":"https:\/\/ndm.hr\/sl\/izdelek\/hruska-abata-1kg-2\/","name":"Hru\u0161ka abata 1kg - ND Management","isPartOf":{"@id":"https:\/\/ndm.hr\/#website"},"primaryImageOfPage":{"@id":"https:\/\/ndm.hr\/sl\/izdelek\/hruska-abata-1kg-2\/#primaryimage"},"image":{"@id":"https:\/\/ndm.hr\/sl\/izdelek\/hruska-abata-1kg-2\/#primaryimage"},"thumbnailUrl":"https:\/\/ndm.hr\/wp-content\/uploads\/2024\/06\/Kruska-Abata-1kg.jpg","datePublished":"2024-06-15T15:21:05+00:00","breadcrumb":{"@id":"https:\/\/ndm.hr\/sl\/izdelek\/hruska-abata-1kg-2\/#breadcrumb"},"inLanguage":"cs-CZ","potentialAction":[{"@type":"ReadAction","target":["https:\/\/ndm.hr\/sl\/izdelek\/hruska-abata-1kg-2\/"]}]},{"@type":"ImageObject","inLanguage":"cs-CZ","@id":"https:\/\/ndm.hr\/sl\/izdelek\/hruska-abata-1kg-2\/#primaryimage","url":"https:\/\/ndm.hr\/wp-content\/uploads\/2024\/06\/Kruska-Abata-1kg.jpg","contentUrl":"https:\/\/ndm.hr\/wp-content\/uploads\/2024\/06\/Kruska-Abata-1kg.jpg","width":550,"height":550},{"@type":"BreadcrumbList","@id":"https:\/\/ndm.hr\/sl\/izdelek\/hruska-abata-1kg-2\/#breadcrumb","itemListElement":[{"@type":"ListItem","position":1,"name":"Home","item":"https:\/\/ndm.hr\/"},{"@type":"ListItem","position":2,"name":"Katalog","item":"https:\/\/ndm.hr\/katalog\/"},{"@type":"ListItem","position":3,"name":"Kru\u0161ka Abata 1kg"}]},{"@type":"WebSite","@id":"https:\/\/ndm.hr\/#website","url":"https:\/\/ndm.hr\/","name":"Veden\u00ed ND","description":"Rychl\u00e9 dod\u00e1vky pro va\u0161e lod\u011b","potentialAction":[{"@type":"SearchAction","target":{"@type":"EntryPoint","urlTemplate":"https:\/\/ndm.hr\/?s={search_term_string}"},"query-input":{"@type":"PropertyValueSpecification","valueRequired":true,"valueName":"search_term_string"}}],"inLanguage":"cs-CZ"}]}},"_links":{"self":[{"href":"https:\/\/ndm.hr\/cs\/wp-json\/wp\/v2\/product\/2677","targetHints":{"allow":["GET"]}}],"collection":[{"href":"https:\/\/ndm.hr\/cs\/wp-json\/wp\/v2\/product"}],"about":[{"href":"https:\/\/ndm.hr\/cs\/wp-json\/wp\/v2\/types\/product"}],"wp:featuredmedia":[{"embeddable":true,"href":"https:\/\/ndm.hr\/cs\/wp-json\/wp\/v2\/media\/1915"}],"wp:attachment":[{"href":"https:\/\/ndm.hr\/cs\/wp-json\/wp\/v2\/media?parent=2677"}],"wp:term":[{"taxonomy":"product_brand","embeddable":true,"href":"https:\/\/ndm.hr\/cs\/wp-json\/wp\/v2\/product_brand?post=2677"},{"taxonomy":"product_cat","embeddable":true,"href":"https:\/\/ndm.hr\/cs\/wp-json\/wp\/v2\/product_cat?post=2677"},{"taxonomy":"product_tag","embeddable":true,"href":"https:\/\/ndm.hr\/cs\/wp-json\/wp\/v2\/product_tag?post=2677"}],"curies":[{"name":"wp","href":"https:\/\/api.w.org\/{rel}","templated":true}]}}