{"id":2583,"date":"2024-06-08T16:15:14","date_gmt":"2024-06-08T14:15:14","guid":{"rendered":"https:\/\/ndm.hr\/?page_id=2583"},"modified":"2024-06-08T16:16:44","modified_gmt":"2024-06-08T14:16:44","slug":"odredbe-i-uvjeti","status":"publish","type":"page","link":"https:\/\/ndm.hr\/cs\/pravidla-a-podminky\/","title":{"rendered":"Pravidla a podm\u00ednky"},"content":{"rendered":"<p>V\u00edtejte v N&amp;D Management!<\/p>\n\n\n\n<p>Tyto podm\u00ednky popisuj\u00ed pravidla a p\u0159edpisy pro pou\u017e\u00edv\u00e1n\u00ed webov\u00fdch str\u00e1nek NIKO &amp; DUJE MANAGEMENT jd na adrese https:\/\/ndm.hr\/.<\/p>\n\n\n\n<p>Vstupem na tuto webovou str\u00e1nku p\u0159edpokl\u00e1d\u00e1me, \u017ee souhlas\u00edte s t\u011bmito podm\u00ednkami. Pokud nep\u0159ijmete v\u0161echny podm\u00ednky uveden\u00e9 na t\u00e9to str\u00e1nce, nepokra\u010dujte v pou\u017e\u00edv\u00e1n\u00ed N&amp;D Management.<\/p>\n\n\n\n<p>Pro tyto Podm\u00ednky, Prohl\u00e1\u0161en\u00ed o ochran\u011b osobn\u00edch \u00fadaj\u016f a Ozn\u00e1men\u00ed o vylou\u010den\u00ed odpov\u011bdnosti a v\u0161echny smlouvy plat\u00ed n\u00e1sleduj\u00edc\u00ed terminologie: \u201eKlient\u201c, \u201eVy\u201c a \u201eV\u00e1\u0161\u201c ozna\u010duje v\u00e1s, osobu p\u0159ihla\u0161uj\u00edc\u00ed se na tyto webov\u00e9 str\u00e1nky a v souladu s podm\u00ednkami spole\u010dnost. \u201eSpole\u010dnost\u201c, \u201eMy\u201c, \u201eN\u00e1s\u201c, \u201eNa\u0161e\u201c a \u201eN\u00e1s\u201c ozna\u010duje na\u0161i spole\u010dnost. \u201eStrana\u201c, \u201eStrany\u201c nebo \u201eMy\u201c se vztahuje na Klienta i n\u00e1s. V\u0161echny podm\u00ednky se t\u00fdkaj\u00ed nab\u00eddky, p\u0159ijet\u00ed a zv\u00e1\u017een\u00ed platby nezbytn\u00e9 k proveden\u00ed procesu na\u0161\u00ed pomoci klientovi nejvhodn\u011bj\u0161\u00edm zp\u016fsobem pro v\u00fdslovn\u00fd \u00fa\u010del uspokojen\u00ed pot\u0159eb klienta ohledn\u011b poskytov\u00e1n\u00ed v\u00fd\u0161e uveden\u00fdch slu\u017eeb spole\u010dnosti, v souladu s s platn\u00fdm pr\u00e1vem \u010cesk\u00e9 republiky. Jak\u00e9koli pou\u017eit\u00ed v\u00fd\u0161e uveden\u00e9 terminologie nebo jin\u00fdch slov v jednotn\u00e9m \u010d\u00edsle, mno\u017en\u00e9m \u010d\u00edsle, velk\u00e1 p\u00edsmena a\/nebo on\/ona nebo ona jsou pova\u017eov\u00e1na za zam\u011bniteln\u00e1, a proto se na n\u011b vztahuj\u00ed.<\/p>\n\n\n\n<h3 class=\"wp-block-heading\"><strong>cookies<\/strong><\/h3>\n\n\n\n<p>Pou\u017e\u00edv\u00e1me pou\u017e\u00edv\u00e1n\u00ed cookies. Vstupem do N&amp;D Management souhlas\u00edte s pou\u017e\u00edv\u00e1n\u00edm soubor\u016f cookie v souladu s NIKO a Z\u00e1sadami ochrany osobn\u00edch \u00fadaj\u016f DUJE MANAGEMENT jd.<\/p>\n\n\n\n<p>V\u011bt\u0161ina interaktivn\u00edch webov\u00fdch str\u00e1nek pou\u017e\u00edv\u00e1 soubory cookie, kter\u00e9 n\u00e1m umo\u017e\u0148uj\u00ed z\u00edskat informace o u\u017eivateli pro ka\u017edou n\u00e1v\u0161t\u011bvu. Na\u0161e webov\u00e9 str\u00e1nky pou\u017e\u00edvaj\u00ed soubory cookie, kter\u00e9 umo\u017e\u0148uj\u00ed funk\u010dnost ur\u010dit\u00fdch oblast\u00ed a usnad\u0148uj\u00ed tak lidem n\u00e1v\u0161t\u011bvu na\u0161ich webov\u00fdch str\u00e1nek. N\u011bkte\u0159\u00ed z na\u0161ich p\u0159idru\u017een\u00fdch\/reklamn\u00edch partner\u016f mohou tak\u00e9 pou\u017e\u00edvat soubory cookie.<\/p>\n\n\n\n<h3 class=\"wp-block-heading\"><strong>Licence<\/strong><\/h3>\n\n\n\n<p>Pokud nen\u00ed uvedeno jinak, spole\u010dnost NIKO &amp; DUJE MANAGEMENT jd a\/nebo jej\u00ed poskytovatel\u00e9 licenc\u00ed vlastn\u00ed pr\u00e1va du\u0161evn\u00edho vlastnictv\u00ed pro ve\u0161ker\u00fd materi\u00e1l o spr\u00e1v\u011b N&amp;D. V\u0161echna pr\u00e1va du\u0161evn\u00edho vlastnictv\u00ed jsou vyhrazena. K tomu m\u00e1te p\u0159\u00edstup od N&amp;D Management pro va\u0161i osobn\u00ed pot\u0159ebu s v\u00fdhradou omezen\u00ed stanoven\u00fdch v t\u011bchto podm\u00ednk\u00e1ch.<\/p>\n\n\n\n<p>Nesm\u00edte:<\/p>\n\n\n\n<ul class=\"wp-block-list\">\n<li>Znovu publikujte materi\u00e1l od N&amp;D Management<\/li>\n\n\n\n<li>Prod\u00e1vejte, p\u016fj\u010dujte nebo sublicencujte materi\u00e1l od N&amp;D Management<\/li>\n\n\n\n<li>Reprodukujte, duplikujte nebo kop\u00edrujte materi\u00e1l z N&amp;D Management<\/li>\n\n\n\n<li>Redistribuujte obsah z N&amp;D Management<\/li>\n<\/ul>\n\n\n\n<p>Tato smlouva nab\u00fdv\u00e1 \u00fa\u010dinnosti t\u00edmto dnem. <\/p>\n\n\n\n<p>\u010c\u00e1sti tohoto webu nab\u00edzej\u00ed u\u017eivatel\u016fm mo\u017enost zve\u0159ej\u0148ovat a vym\u011b\u0148ovat si n\u00e1zory a informace v ur\u010dit\u00fdch oblastech webu. NIKO &amp; DUJE MANAGEMENT jd nefiltruje, neupravuje, nepublikuje ani nekontroluje koment\u00e1\u0159e p\u0159ed jejich p\u0159\u00edtomnost\u00ed na webov\u00fdch str\u00e1nk\u00e1ch. Koment\u00e1\u0159e neodr\u00e1\u017eej\u00ed n\u00e1zory a n\u00e1zory spole\u010dnosti NIKO &amp; DUJE MANAGEMENT jd, jej\u00edch z\u00e1stupc\u016f a\/nebo p\u0159idru\u017een\u00fdch spole\u010dnost\u00ed. Koment\u00e1\u0159e odr\u00e1\u017eej\u00ed n\u00e1zory a n\u00e1zory osoby, kter\u00e1 zve\u0159ej\u0148uje sv\u00e9 n\u00e1zory a n\u00e1zory. V rozsahu povolen\u00e9m platn\u00fdmi z\u00e1kony nenese NIKO &amp; DUJE MANAGEMENT jd odpov\u011bdnost za koment\u00e1\u0159e ani za jakoukoli odpov\u011bdnost, \u0161kodu nebo n\u00e1klady vznikl\u00e9 a\/nebo vznikl\u00e9 v d\u016fsledku jak\u00e9hokoli pou\u017eit\u00ed a\/nebo zve\u0159ejn\u011bn\u00ed a\/nebo objeven\u00ed se koment\u00e1\u0159\u016f k tomuto webov\u00e1 str\u00e1nka.<\/p>\n\n\n\n<p>Spole\u010dnost NIKO &amp; DUJE MANAGEMENT jd si vyhrazuje pr\u00e1vo sledovat v\u0161echny koment\u00e1\u0159e a odstra\u0148ovat koment\u00e1\u0159e, kter\u00e9 by mohly b\u00fdt pova\u017eov\u00e1ny za nevhodn\u00e9, ur\u00e1\u017eliv\u00e9 nebo zp\u016fsobuj\u00edc\u00ed poru\u0161en\u00ed t\u011bchto podm\u00ednek.<\/p>\n\n\n\n<p>Zaru\u010dujete a prohla\u0161ujete, \u017ee:<\/p>\n\n\n\n<ul class=\"wp-block-list\">\n<li>M\u00e1te pr\u00e1vo zve\u0159ej\u0148ovat koment\u00e1\u0159e na na\u0161ich webov\u00fdch str\u00e1nk\u00e1ch a m\u00e1te k tomu v\u0161echny pot\u0159ebn\u00e9 licence a souhlasy;<\/li>\n\n\n\n<li>Koment\u00e1\u0159e neporu\u0161uj\u00ed \u017e\u00e1dn\u00e1 pr\u00e1va du\u0161evn\u00edho vlastnictv\u00ed, v\u010detn\u011b, bez omezen\u00ed, autorsk\u00fdch pr\u00e1v, patent\u016f nebo ochrann\u00fdch zn\u00e1mek jak\u00e9koli t\u0159et\u00ed strany;<\/li>\n\n\n\n<li>Koment\u00e1\u0159e neobsahuj\u00ed \u017e\u00e1dn\u00fd ur\u00e1\u017eliv\u00fd, pomlouva\u010dn\u00fd, ur\u00e1\u017eliv\u00fd, obsc\u00e9nn\u00ed nebo jinak nez\u00e1konn\u00fd materi\u00e1l, kter\u00fd p\u0159edstavuje naru\u0161en\u00ed soukrom\u00ed<\/li>\n\n\n\n<li>Koment\u00e1\u0159e nebudou pou\u017eity k vym\u00e1h\u00e1n\u00ed nebo propagaci podnik\u00e1n\u00ed nebo praktik ani k reprezentaci komer\u010dn\u00edch aktivit nebo nez\u00e1konn\u00fdch aktivit.<\/li>\n<\/ul>\n\n\n\n<p>T\u00edmto ud\u011blujete spole\u010dnosti NIKO &amp; DUJE MANAGEMENT jd nev\u00fdhradn\u00ed licenci k pou\u017e\u00edv\u00e1n\u00ed, reprodukov\u00e1n\u00ed, upravov\u00e1n\u00ed a oprav\u0148ujete ostatn\u00ed k pou\u017eit\u00ed, reprodukci a \u00faprav\u011b jak\u00fdchkoli va\u0161ich koment\u00e1\u0159\u016f v jak\u00e9koli form\u011b, form\u00e1tech nebo m\u00e9di\u00edch.<\/p>\n\n\n\n<h3 class=\"wp-block-heading\"><strong>Hypertextov\u00fd odkaz na n\u00e1\u0161 obsah<\/strong><\/h3>\n\n\n\n<p>N\u00e1sleduj\u00edc\u00ed organizace mohou odkazovat na na\u0161e webov\u00e9 str\u00e1nky bez p\u0159edchoz\u00edho p\u00edsemn\u00e9ho souhlasu:<\/p>\n\n\n\n<ul class=\"wp-block-list\">\n<li>Vl\u00e1dn\u00ed agentury;<\/li>\n\n\n\n<li>Vyhled\u00e1va\u010de;<\/li>\n\n\n\n<li>Zpravodajsk\u00e9 organizace;<\/li>\n\n\n\n<li>Distributo\u0159i internetov\u00fdch adres\u00e1\u0159\u016f mohou odkazovat na na\u0161e str\u00e1nky stejn\u00fdm zp\u016fsobem, jak\u00fdm odkazuj\u00ed na str\u00e1nky jin\u00fdch kotovan\u00fdch spole\u010dnost\u00ed; a<\/li>\n\n\n\n<li>Akreditovan\u00e9 spole\u010dnosti v cel\u00e9m syst\u00e9mu, s v\u00fdjimkou sb\u011bratelsk\u00fdch neziskov\u00fdch organizac\u00ed, charitativn\u00edch center a charitativn\u00edch fundraisingov\u00fdch skupin, kter\u00e9 nemus\u00ed m\u00edt hypertextov\u00fd odkaz na na\u0161e webov\u00e9 str\u00e1nky.<\/li>\n<\/ul>\n\n\n\n<p>Tyto organizace mohou odkazovat na na\u0161i domovskou str\u00e1nku, publikace nebo jin\u00e9 informace na webov\u00fdch str\u00e1nk\u00e1ch, pokud odkaz: (a) nen\u00ed \u017e\u00e1dn\u00fdm zp\u016fsobem zav\u00e1d\u011bj\u00edc\u00ed; (b) nenazna\u010duje fale\u0161n\u00e9 sponzorstv\u00ed, podporu nebo schv\u00e1len\u00ed odkazu a jeho produkt\u016f a\/nebo slu\u017eeb; a (c) zapad\u00e1 do kontextu odkazovan\u00e9 str\u00e1nky.<\/p>\n\n\n\n<p>M\u016f\u017eeme zv\u00e1\u017eit a schv\u00e1lit dal\u0161\u00ed \u017e\u00e1dosti o p\u0159ipojen\u00ed n\u00e1sleduj\u00edc\u00edch typ\u016f organizac\u00ed:<\/p>\n\n\n\n<ul class=\"wp-block-list\">\n<li>obecn\u011b zn\u00e1m\u00e9 spot\u0159ebitelsk\u00e9 a\/nebo obchodn\u00ed zdroje informac\u00ed;<\/li>\n\n\n\n<li>komunitn\u00ed weby dot.com;<\/li>\n\n\n\n<li>sdru\u017een\u00ed nebo jin\u00e9 skupiny zastupuj\u00edc\u00ed charitativn\u00ed organizace;<\/li>\n\n\n\n<li>online distributo\u0159i adres\u00e1\u0159\u016f;<\/li>\n\n\n\n<li>internetov\u00e9 port\u00e1ly;<\/li>\n\n\n\n<li>\u00fa\u010detn\u00ed, pr\u00e1vn\u00ed a poradensk\u00e9 firmy; a<\/li>\n\n\n\n<li>vzd\u011bl\u00e1vac\u00ed instituce a obchodn\u00ed sdru\u017een\u00ed.<\/li>\n<\/ul>\n\n\n\n<p>\u017d\u00e1dosti o propojen\u00ed od t\u011bchto organizac\u00ed schv\u00e1l\u00edme, pokud zjist\u00edme, \u017ee: (a) toto propojen\u00ed nebude zp\u016fsobovat, \u017ee my nebo na\u0161e akreditovan\u00e9 spole\u010dnosti budeme vypadat nep\u0159\u00edzniv\u011b; (b) organizace u n\u00e1s nem\u00e1 \u017e\u00e1dn\u00e9 negativn\u00ed z\u00e1znamy; (c) p\u0159\u00ednos, kter\u00fd z\u00edsk\u00e1me z viditelnosti hypertextov\u00e9ho odkazu, kompenzuje absenci NIKO &amp; DUJE MANAGEMENT jd; a (d) odkaz je v kontextu obecn\u00fdch informac\u00ed o zdroji.<\/p>\n\n\n\n<p>Tyto organizace mohou odkazovat na na\u0161i domovskou str\u00e1nku, pokud odkaz: (a) nen\u00ed \u017e\u00e1dn\u00fdm zp\u016fsobem zav\u00e1d\u011bj\u00edc\u00ed; (b) nenazna\u010duje fale\u0161n\u00e9 sponzorstv\u00ed, podporu nebo schv\u00e1len\u00ed odkazu a jeho produkt\u016f nebo slu\u017eeb; a (c) zapad\u00e1 do kontextu odkazovan\u00e9 str\u00e1nky.<\/p>\n\n\n\n<p>Pokud jste jednou z organizac\u00ed uveden\u00fdch v odstavci 2 v\u00fd\u0161e a m\u00e1te z\u00e1jem o propojen\u00ed s na\u0161imi webov\u00fdmi str\u00e1nkami, mus\u00edte n\u00e1m to ozn\u00e1mit zasl\u00e1n\u00edm e-mailu na adresu NIKO &amp; DUJE MANAGEMENT jd Uve\u010fte sv\u00e9 jm\u00e9no, n\u00e1zev va\u0161\u00ed organizace, kontaktn\u00ed \u00fadaje a tak\u00e9 va\u0161e webov\u00e9 str\u00e1nky. URL , seznam v\u0161ech URL, ze kter\u00fdch hodl\u00e1te odkazovat na n\u00e1\u0161 web, a seznam URL na na\u0161em webu, na kter\u00e9 by se cht\u011bl odkazovat. Vy\u010dkejte pros\u00edm 2-3 t\u00fddny na odpov\u011b\u010f.<\/p>\n\n\n\n<p>Schv\u00e1len\u00e9 organizace mohou hypertextov\u00fd odkaz na na\u0161e webov\u00e9 str\u00e1nky takto:<\/p>\n\n\n\n<ul class=\"wp-block-list\">\n<li>Pou\u017e\u00edv\u00e1n\u00edm n\u00e1zvu na\u0161\u00ed spole\u010dnosti; nebo<\/li>\n\n\n\n<li>Pomoc\u00ed jedine\u010dn\u00e9ho lok\u00e1toru zdroje, ke kter\u00e9mu je p\u0159ipojen; nebo<\/li>\n\n\n\n<li>Pou\u017eit\u00edm jak\u00e9hokoli jin\u00e9ho popisu na\u0161\u00ed propojen\u00e9 webov\u00e9 str\u00e1nky, kter\u00fd d\u00e1v\u00e1 smysl v kontextu a form\u00e1tu obsahu na odkazovan\u00e9 webov\u00e9 str\u00e1nce.<\/li>\n<\/ul>\n\n\n\n<p>\u017d\u00e1dn\u00e9 pou\u017eit\u00ed loga NIKO &amp; DUJE MANAGEMENT jd ani jin\u00fdch um\u011bleck\u00fdch d\u011bl nebude povoleno k propojen\u00ed bez licen\u010dn\u00ed smlouvy na ochrannou zn\u00e1mku.<\/p>\n\n\n\n<h3 class=\"wp-block-heading\"><strong>iFrames<\/strong><\/h3>\n\n\n\n<p>Bez p\u0159edchoz\u00edho souhlasu a p\u00edsemn\u00e9ho povolen\u00ed nesm\u00edte kolem na\u0161ich webov\u00fdch str\u00e1nek vytv\u00e1\u0159et r\u00e1mce, kter\u00e9 jak\u00fdmkoliv zp\u016fsobem m\u011bn\u00ed vizu\u00e1ln\u00ed prezentaci nebo vzhled na\u0161ich webov\u00fdch str\u00e1nek.<\/p>\n\n\n\n<h3 class=\"wp-block-heading\"><strong>Zodpov\u011bdnost za obsah<\/strong><\/h3>\n\n\n\n<p>Neneseme odpov\u011bdnost za \u017e\u00e1dn\u00fd obsah, kter\u00fd se objev\u00ed na va\u0161ich webov\u00fdch str\u00e1nk\u00e1ch. Souhlas\u00edte s t\u00edm, \u017ee n\u00e1s budete chr\u00e1nit a br\u00e1nit proti jak\u00fdmkoli n\u00e1rok\u016fm, kter\u00e9 se objev\u00ed na va\u0161ich webov\u00fdch str\u00e1nk\u00e1ch. Na \u017e\u00e1dn\u00e9 webov\u00e9 str\u00e1nce by se nem\u011bly objevit \u017e\u00e1dn\u00e9 odkazy, kter\u00e9 by mohly b\u00fdt vykl\u00e1d\u00e1ny jako hanliv\u00e9, obsc\u00e9nn\u00ed nebo trestn\u00e9 nebo kter\u00e9 poru\u0161uj\u00ed, jinak poru\u0161uj\u00ed nebo obhajuj\u00ed poru\u0161ov\u00e1n\u00ed nebo jin\u00e9 poru\u0161ov\u00e1n\u00ed pr\u00e1v t\u0159et\u00edch stran.<\/p>\n\n\n\n<h3 class=\"wp-block-heading\"><strong>V\u00fdhrada pr\u00e1v<\/strong><\/h3>\n\n\n\n<p>Vyhrazujeme si pr\u00e1vo po\u017e\u00e1dat v\u00e1s o odstran\u011bn\u00ed v\u0161ech nebo jak\u00fdchkoli konkr\u00e9tn\u00edch odkaz\u016f na na\u0161e webov\u00e9 str\u00e1nky. Souhlas\u00edte s na\u0161\u00edm okam\u017eit\u00fdm odstran\u011bn\u00edm v\u0161ech odkaz\u016f na na\u0161e webov\u00e9 str\u00e1nky na po\u017e\u00e1d\u00e1n\u00ed. Vyhrazujeme si tak\u00e9 pr\u00e1vo tyto podm\u00ednky kdykoli zm\u011bnit. Pokra\u010dov\u00e1n\u00edm v p\u0159ipojov\u00e1n\u00ed k na\u0161emu webu p\u0159ij\u00edm\u00e1te a \u0159\u00edd\u00edte se t\u011bmito smluvn\u00edmi podm\u00ednkami.<\/p>\n\n\n\n<h3 class=\"wp-block-heading\"><strong>Odstran\u011bn\u00ed odkaz\u016f z na\u0161eho webu<\/strong><\/h3>\n\n\n\n<p>Pokud z jak\u00e9hokoli d\u016fvodu zjist\u00edte, \u017ee jak\u00fdkoli odkaz na na\u0161ich webov\u00fdch str\u00e1nk\u00e1ch je ur\u00e1\u017eliv\u00fd, m\u016f\u017eete n\u00e1s kdykoli kontaktovat a d\u00e1t n\u00e1m v\u011bd\u011bt. \u017d\u00e1dosti o odstran\u011bn\u00ed odkaz\u016f zv\u00e1\u017e\u00edme, nejsme v\u0161ak povinni odpov\u00eddat p\u0159\u00edmo v\u00e1m.<\/p>\n\n\n\n<p>Nezaru\u010dujeme, \u017ee informace na t\u00e9to webov\u00e9 str\u00e1nce jsou spr\u00e1vn\u00e9, nezaru\u010dujeme jejich \u00faplnost nebo p\u0159esnost; ani neslibujeme, \u017ee zajist\u00edme, aby webov\u00e9 str\u00e1nky z\u016fstaly dostupn\u00e9 nebo aby byly materi\u00e1ly na webov\u00fdch str\u00e1nk\u00e1ch aktualizov\u00e1ny.<\/p>\n\n\n\n<h3 class=\"wp-block-heading\"><strong>Vzd\u00e1n\u00ed se pr\u00e1va<\/strong><\/h3>\n\n\n\n<p>V maxim\u00e1ln\u00edm rozsahu povolen\u00e9m platn\u00fdmi z\u00e1kony vylu\u010dujeme ve\u0161ker\u00e1 prohl\u00e1\u0161en\u00ed, z\u00e1ruky a podm\u00ednky t\u00fdkaj\u00edc\u00ed se na\u0161ich webov\u00fdch str\u00e1nek a pou\u017e\u00edv\u00e1n\u00ed t\u011bchto webov\u00fdch str\u00e1nek. Nic v tomto vylou\u010den\u00ed odpov\u011bdnosti nesm\u00ed:<\/p>\n\n\n\n<ul class=\"wp-block-list\">\n<li>omezit nebo vylou\u010dit na\u0161i nebo va\u0161i odpov\u011bdnost za smrt nebo zran\u011bn\u00ed osob;<\/li>\n\n\n\n<li>omezit nebo vylou\u010dit na\u0161i nebo va\u0161i odpov\u011bdnost za podvod nebo zkreslen\u00ed;<\/li>\n\n\n\n<li>omezit jakoukoli na\u0161i nebo va\u0161i odpov\u011bdnost jak\u00fdmkoli zp\u016fsobem, kter\u00fd nen\u00ed povolen p\u0159\u00edslu\u0161n\u00fdm z\u00e1konem; nebo<\/li>\n\n\n\n<li>vylou\u010dit jakoukoli na\u0161i nebo va\u0161i odpov\u011bdnost, kterou nelze podle platn\u00fdch z\u00e1kon\u016f vylou\u010dit.<\/li>\n<\/ul>\n\n\n\n<p>Omezen\u00ed a vylou\u010den\u00ed odpov\u011bdnosti uveden\u00e1 v t\u00e9to \u010d\u00e1sti a jinde v tomto prohl\u00e1\u0161en\u00ed: (a) podl\u00e9haj\u00ed p\u0159edchoz\u00edmu odstavci; a (b) \u0159\u00edd\u00ed v\u0161echny z\u00e1vazky vypl\u00fdvaj\u00edc\u00ed z odm\u00edtnut\u00ed odpov\u011bdnosti, v\u010detn\u011b z\u00e1vazk\u016f vypl\u00fdvaj\u00edc\u00edch ze smlouvy, deliktu a poru\u0161en\u00ed z\u00e1konn\u00fdch povinnost\u00ed.<\/p>\n\n\n\n<p>Dokud jsou webov\u00e9 str\u00e1nky a informace a slu\u017eby na webov\u00fdch str\u00e1nk\u00e1ch poskytov\u00e1ny zdarma, neneseme odpov\u011bdnost za jakoukoli ztr\u00e1tu nebo po\u0161kozen\u00ed jak\u00e9koli povahy.<\/p>","protected":false},"excerpt":{"rendered":"<p>Dobrodo\u0161li u N&amp;D Management! Ovi uvjeti i odredbe opisuju pravila i propise za kori\u0161tenje NIKO &amp; Web stranici DUJE MANAGEMENT [&hellip;]<\/p>\n","protected":false},"author":1,"featured_media":0,"parent":0,"menu_order":0,"comment_status":"closed","ping_status":"closed","template":"","meta":{"site-sidebar-layout":"no-sidebar","site-content-layout":"","ast-site-content-layout":"normal-width-container","site-content-style":"default","site-sidebar-style":"default","ast-global-header-display":"","ast-banner-title-visibility":"","ast-main-header-display":"","ast-hfb-above-header-display":"","ast-hfb-below-header-display":"","ast-hfb-mobile-header-display":"","site-post-title":"","ast-breadcrumbs-content":"","ast-featured-img":"","footer-sml-layout":"","ast-disable-related-posts":"","theme-transparent-header-meta":"","adv-header-id-meta":"","stick-header-meta":"","header-above-stick-meta":"","header-main-stick-meta":"","header-below-stick-meta":"","astra-migrate-meta-layouts":"default","ast-page-background-enabled":"default","ast-page-background-meta":{"desktop":{"background-color":"var(--ast-global-color-4)","background-image":"","background-repeat":"repeat","background-position":"center center","background-size":"auto","background-attachment":"scroll","background-type":"","background-media":"","overlay-type":"","overlay-color":"","overlay-opacity":"","overlay-gradient":""},"tablet":{"background-color":"","background-image":"","background-repeat":"repeat","background-position":"center center","background-size":"auto","background-attachment":"scroll","background-type":"","background-media":"","overlay-type":"","overlay-color":"","overlay-opacity":"","overlay-gradient":""},"mobile":{"background-color":"","background-image":"","background-repeat":"repeat","background-position":"center center","background-size":"auto","background-attachment":"scroll","background-type":"","background-media":"","overlay-type":"","overlay-color":"","overlay-opacity":"","overlay-gradient":""}},"ast-content-background-meta":{"desktop":{"background-color":"var(--ast-global-color-5)","background-image":"","background-repeat":"repeat","background-position":"center center","background-size":"auto","background-attachment":"scroll","background-type":"","background-media":"","overlay-type":"","overlay-color":"","overlay-opacity":"","overlay-gradient":""},"tablet":{"background-color":"var(--ast-global-color-5)","background-image":"","background-repeat":"repeat","background-position":"center center","background-size":"auto","background-attachment":"scroll","background-type":"","background-media":"","overlay-type":"","overlay-color":"","overlay-opacity":"","overlay-gradient":""},"mobile":{"background-color":"var(--ast-global-color-5)","background-image":"","background-repeat":"repeat","background-position":"center center","background-size":"auto","background-attachment":"scroll","background-type":"","background-media":"","overlay-type":"","overlay-color":"","overlay-opacity":"","overlay-gradient":""}},"footnotes":""},"class_list":["post-2583","page","type-page","status-publish","hentry"],"yoast_head":"<!-- This site is optimized with the Yoast SEO plugin v27.5 - https:\/\/yoast.com\/product\/yoast-seo-wordpress\/ -->\n<title>Odredbe i uvjeti - ND Managment<\/title>\n<meta name=\"robots\" content=\"noindex, follow\" \/>\n<meta property=\"og:locale\" content=\"cs_CZ\" \/>\n<meta property=\"og:type\" content=\"article\" \/>\n<meta property=\"og:title\" content=\"Odredbe i uvjeti - ND Managment\" \/>\n<meta property=\"og:description\" content=\"Dobrodo\u0161li u N&amp;D Management! Ovi uvjeti i odredbe opisuju pravila i propise za kori\u0161tenje NIKO &amp; Web stranici DUJE MANAGEMENT [&hellip;]\" \/>\n<meta property=\"og:url\" content=\"https:\/\/ndm.hr\/cs\/pravidla-a-podminky\/\" \/>\n<meta property=\"og:site_name\" content=\"ND Managment\" \/>\n<meta property=\"article:modified_time\" content=\"2024-06-08T14:16:44+00:00\" \/>\n<meta name=\"twitter:card\" content=\"summary_large_image\" \/>\n<meta name=\"twitter:label1\" content=\"Odhadovan\u00e1 doba \u010dten\u00ed\" \/>\n\t<meta name=\"twitter:data1\" content=\"8 minutes\" \/>\n<script type=\"application\/ld+json\" class=\"yoast-schema-graph\">{\"@context\":\"https:\\\/\\\/schema.org\",\"@graph\":[{\"@type\":\"WebPage\",\"@id\":\"https:\\\/\\\/ndm.hr\\\/odredbe-i-uvjeti\\\/\",\"url\":\"https:\\\/\\\/ndm.hr\\\/odredbe-i-uvjeti\\\/\",\"name\":\"Odredbe i uvjeti - ND Managment\",\"isPartOf\":{\"@id\":\"https:\\\/\\\/ndm.hr\\\/#website\"},\"datePublished\":\"2024-06-08T14:15:14+00:00\",\"dateModified\":\"2024-06-08T14:16:44+00:00\",\"breadcrumb\":{\"@id\":\"https:\\\/\\\/ndm.hr\\\/odredbe-i-uvjeti\\\/#breadcrumb\"},\"inLanguage\":\"cs-CZ\",\"potentialAction\":[{\"@type\":\"ReadAction\",\"target\":[\"https:\\\/\\\/ndm.hr\\\/odredbe-i-uvjeti\\\/\"]}]},{\"@type\":\"BreadcrumbList\",\"@id\":\"https:\\\/\\\/ndm.hr\\\/odredbe-i-uvjeti\\\/#breadcrumb\",\"itemListElement\":[{\"@type\":\"ListItem\",\"position\":1,\"name\":\"Home\",\"item\":\"https:\\\/\\\/ndm.hr\\\/\"},{\"@type\":\"ListItem\",\"position\":2,\"name\":\"Odredbe i uvjeti\"}]},{\"@type\":\"WebSite\",\"@id\":\"https:\\\/\\\/ndm.hr\\\/#website\",\"url\":\"https:\\\/\\\/ndm.hr\\\/\",\"name\":\"ND Managment\",\"description\":\"Brza opskrba za va\u0161e brodove\",\"potentialAction\":[{\"@type\":\"SearchAction\",\"target\":{\"@type\":\"EntryPoint\",\"urlTemplate\":\"https:\\\/\\\/ndm.hr\\\/?s={search_term_string}\"},\"query-input\":{\"@type\":\"PropertyValueSpecification\",\"valueRequired\":true,\"valueName\":\"search_term_string\"}}],\"inLanguage\":\"cs-CZ\"}]}<\/script>\n<!-- \/ Yoast SEO plugin. -->","yoast_head_json":{"title":"Obchodn\u00ed podm\u00ednky - ND Management","robots":{"index":"noindex","follow":"follow"},"og_locale":"cs_CZ","og_type":"article","og_title":"Odredbe i uvjeti - ND Managment","og_description":"Dobrodo\u0161li u N&amp;D Management! Ovi uvjeti i odredbe opisuju pravila i propise za kori\u0161tenje NIKO &amp; Web stranici DUJE MANAGEMENT [&hellip;]","og_url":"https:\/\/ndm.hr\/cs\/pravidla-a-podminky\/","og_site_name":"ND Managment","article_modified_time":"2024-06-08T14:16:44+00:00","twitter_card":"summary_large_image","twitter_misc":{"Odhadovan\u00e1 doba \u010dten\u00ed":"8 minutes"},"schema":{"@context":"https:\/\/schema.org","@graph":[{"@type":"WebPage","@id":"https:\/\/ndm.hr\/odredbe-i-uvjeti\/","url":"https:\/\/ndm.hr\/odredbe-i-uvjeti\/","name":"Obchodn\u00ed podm\u00ednky - ND Management","isPartOf":{"@id":"https:\/\/ndm.hr\/#website"},"datePublished":"2024-06-08T14:15:14+00:00","dateModified":"2024-06-08T14:16:44+00:00","breadcrumb":{"@id":"https:\/\/ndm.hr\/odredbe-i-uvjeti\/#breadcrumb"},"inLanguage":"cs-CZ","potentialAction":[{"@type":"ReadAction","target":["https:\/\/ndm.hr\/odredbe-i-uvjeti\/"]}]},{"@type":"BreadcrumbList","@id":"https:\/\/ndm.hr\/odredbe-i-uvjeti\/#breadcrumb","itemListElement":[{"@type":"ListItem","position":1,"name":"Home","item":"https:\/\/ndm.hr\/"},{"@type":"ListItem","position":2,"name":"Odredbe i uvjeti"}]},{"@type":"WebSite","@id":"https:\/\/ndm.hr\/#website","url":"https:\/\/ndm.hr\/","name":"Veden\u00ed ND","description":"Rychl\u00e9 dod\u00e1vky pro va\u0161e lod\u011b","potentialAction":[{"@type":"SearchAction","target":{"@type":"EntryPoint","urlTemplate":"https:\/\/ndm.hr\/?s={search_term_string}"},"query-input":{"@type":"PropertyValueSpecification","valueRequired":true,"valueName":"search_term_string"}}],"inLanguage":"cs-CZ"}]}},"_links":{"self":[{"href":"https:\/\/ndm.hr\/cs\/wp-json\/wp\/v2\/pages\/2583","targetHints":{"allow":["GET"]}}],"collection":[{"href":"https:\/\/ndm.hr\/cs\/wp-json\/wp\/v2\/pages"}],"about":[{"href":"https:\/\/ndm.hr\/cs\/wp-json\/wp\/v2\/types\/page"}],"author":[{"embeddable":true,"href":"https:\/\/ndm.hr\/cs\/wp-json\/wp\/v2\/users\/1"}],"replies":[{"embeddable":true,"href":"https:\/\/ndm.hr\/cs\/wp-json\/wp\/v2\/comments?post=2583"}],"version-history":[{"count":2,"href":"https:\/\/ndm.hr\/cs\/wp-json\/wp\/v2\/pages\/2583\/revisions"}],"predecessor-version":[{"id":2586,"href":"https:\/\/ndm.hr\/cs\/wp-json\/wp\/v2\/pages\/2583\/revisions\/2586"}],"wp:attachment":[{"href":"https:\/\/ndm.hr\/cs\/wp-json\/wp\/v2\/media?parent=2583"}],"curies":[{"name":"wp","href":"https:\/\/api.w.org\/{rel}","templated":true}]}}